{"id":293547,"date":"2024-12-23T06:37:59","date_gmt":"2024-12-23T05:37:59","guid":{"rendered":"https:\/\/oscarssonsbil.se\/das-unternehmen\/"},"modified":"2025-06-17T13:47:00","modified_gmt":"2025-06-17T11:47:00","slug":"das-unternehmen","status":"publish","type":"page","link":"https:\/\/oscarssonsbil.se\/de\/das-unternehmen\/","title":{"rendered":"Das Unternehmen"},"content":{"rendered":"<p>[et_pb_section fb_built=&#8221;1&#8243; custom_padding_last_edited=&#8221;on|phone&#8221; _builder_version=&#8221;4.27.4&#8243; _dynamic_attributes=&#8221;background_image&#8221; _module_preset=&#8221;default&#8221; background_enable_color=&#8221;off&#8221; use_background_color_gradient=&#8221;on&#8221; background_color_gradient_stops=&#8221;rgba(0,0,0,0.17) 0%|rgba(36,36,36,0.6) 100%&#8221; background_color_gradient_overlays_image=&#8221;on&#8221; background_image=&#8221;@ET-DC@eyJkeW5hbWljIjp0cnVlLCJjb250ZW50IjoicG9zdF9mZWF0dXJlZF9pbWFnZSIsInNldHRpbmdzIjp7fX0=@&#8221; custom_margin=&#8221;||||false|false&#8221; custom_margin_tablet=&#8221;-71.56px||||false|false&#8221; custom_margin_phone=&#8221;-71.56px||||false|false&#8221; custom_margin_last_edited=&#8221;off|desktop&#8221; custom_padding=&#8221;250px||180px||false|false&#8221; custom_padding_tablet=&#8221;150px||90px||false|false&#8221; custom_padding_phone=&#8221;150px||90px||false|false&#8221; global_colors_info=&#8221;{}&#8221;][et_pb_row _builder_version=&#8221;4.24.0&#8243; _module_preset=&#8221;default&#8221; custom_padding=&#8221;10px||0px||false|false&#8221; global_colors_info=&#8221;{}&#8221;][et_pb_column type=&#8221;4_4&#8243; _builder_version=&#8221;4.23.1&#8243; _module_preset=&#8221;default&#8221; global_colors_info=&#8221;{}&#8221;][et_pb_text _builder_version=&#8221;4.27.4&#8243; _dynamic_attributes=&#8221;content&#8221; _module_preset=&#8221;default&#8221; header_font=&#8221;|700||on|||||&#8221; header_text_align=&#8221;center&#8221; header_text_color=&#8221;#FFFFFF&#8221; header_font_size=&#8221;40px&#8221; header_font_size_tablet=&#8221;33px&#8221; header_font_size_phone=&#8221;30px&#8221; header_font_size_last_edited=&#8221;on|tablet&#8221; header_text_shadow_style=&#8221;preset5&#8243; header_text_shadow_horizontal_length=&#8221;-0.06em&#8221; header_text_shadow_vertical_length=&#8221;-0.08em&#8221; header_text_shadow_blur_strength=&#8221;1px&#8221; header_text_shadow_color=&#8221;#000000&#8243; global_colors_info=&#8221;{}&#8221;]@ET-DC@eyJkeW5hbWljIjp0cnVlLCJjb250ZW50IjoicG9zdF90aXRsZSIsInNldHRpbmdzIjp7ImJlZm9yZSI6IjxoMT4iLCJhZnRlciI6IjxcL2gxPiJ9fQ==@[\/et_pb_text][\/et_pb_column][\/et_pb_row][\/et_pb_section][et_pb_section fb_built=&#8221;1&#8243; custom_padding_last_edited=&#8221;on|phone&#8221; _builder_version=&#8221;4.27.4&#8243; _module_preset=&#8221;default&#8221; background_color=&#8221;#3F3F3F&#8221; custom_padding=&#8221;80px||80px||true|false&#8221; custom_padding_tablet=&#8221;60px||60px||true|false&#8221; custom_padding_phone=&#8221;50px||50px||true|false&#8221; global_colors_info=&#8221;{}&#8221;][et_pb_row column_structure=&#8221;1_2,1_2&#8243; use_custom_gutter=&#8221;on&#8221; make_equal=&#8221;on&#8221; module_class=&#8221;center-align&#8221; _builder_version=&#8221;4.27.4&#8243; _module_preset=&#8221;default&#8221; width=&#8221;90%&#8221; global_colors_info=&#8221;{}&#8221;][et_pb_column type=&#8221;1_2&#8243; _builder_version=&#8221;4.27.4&#8243; _module_preset=&#8221;default&#8221; global_colors_info=&#8221;{}&#8221;][et_pb_heading title=&#8221;Das Unternehmen&#8221; _builder_version=&#8221;4.27.4&#8243; _module_preset=&#8221;default&#8221; title_level=&#8221;h2&#8243; title_font=&#8221;|600|||||||&#8221; title_text_color=&#8221;#FFFFFF&#8221; title_font_size=&#8221;33px&#8221; custom_margin=&#8221;||12px||false|false&#8221; global_colors_info=&#8221;{}&#8221;][\/et_pb_heading][et_pb_text _builder_version=&#8221;4.27.4&#8243; _module_preset=&#8221;default&#8221; text_text_color=&#8221;#FFFFFF&#8221; global_colors_info=&#8221;{}&#8221;]<\/p>\n<p>Strategisch sch\u00f6n gelegen in Dalsland, genau zwischen Karlstad und G\u00f6teborg, befindet sich Mellerud, wo Sie Oscarssons Bil AB finden.<\/p>\n<p>Wir sind vier Leute, die hier arbeiten, und wir m\u00f6chten, dass Sie sich als Kunde wohl f\u00fchlen und das Gef\u00fchl haben, dass man sich gut um Sie k\u00fcmmert. Lesen Sie unten mehr \u00fcber das Unternehmen.<\/p>\n<p>[\/et_pb_text][\/et_pb_column][et_pb_column type=&#8221;1_2&#8243; _builder_version=&#8221;4.27.4&#8243; _module_preset=&#8221;default&#8221; global_colors_info=&#8221;{}&#8221;][et_pb_image src=&#8221;https:\/\/oscarssonsbil.se\/wp-content\/uploads\/2024\/12\/About-page-img.jpg&#8221; title_text=&#8221;\u00dcber Seite img&#8221; _builder_version=&#8221;4.27.4&#8243; _module_preset=&#8221;default&#8221; border_radii=&#8221;on|20px|20px|20px|20px&#8221; global_colors_info=&#8221;{}&#8221;][\/et_pb_image][\/et_pb_column][\/et_pb_row][\/et_pb_section][et_pb_section fb_built=&#8221;1&#8243; custom_padding_last_edited=&#8221;on|desktop&#8221; _builder_version=&#8221;4.27.4&#8243; _module_preset=&#8221;default&#8221; background_color=&#8221;#333333&#8243; custom_padding=&#8221;80px||80px||false|false&#8221; custom_padding_tablet=&#8221;60px||60px||true|false&#8221; custom_padding_phone=&#8221;50px||50px||true|false&#8221; global_colors_info=&#8221;{}&#8221;][et_pb_row column_structure=&#8221;1_2,1_2&#8243; use_custom_gutter=&#8221;on&#8221; make_equal=&#8221;on&#8221; module_class=&#8221;center-align column-reverse&#8221; _builder_version=&#8221;4.27.4&#8243; _module_preset=&#8221;default&#8221; width=&#8221;90%&#8221; global_colors_info=&#8221;{}&#8221;][et_pb_column type=&#8221;1_2&#8243; _builder_version=&#8221;4.27.4&#8243; _module_preset=&#8221;default&#8221; global_colors_info=&#8221;{}&#8221;][et_pb_image src=&#8221;https:\/\/oscarssonsbil.se\/wp-content\/uploads\/2025\/01\/8d530a8b-e5a3-42ca-ba7d-c897d3f06678.jpg&#8221; title_text=&#8221;Herzlich willkommen bei Oscarssons Bil AB!&#8221; _builder_version=&#8221;4.27.4&#8243; _module_preset=&#8221;default&#8221; border_radii=&#8221;on|20px|20px|20px|20px&#8221; global_colors_info=&#8221;{}&#8221;][\/et_pb_image][\/et_pb_column][et_pb_column type=&#8221;1_2&#8243; _builder_version=&#8221;4.27.4&#8243; _module_preset=&#8221;default&#8221; global_colors_info=&#8221;{}&#8221;][et_pb_text _builder_version=&#8221;4.27.4&#8243; _module_preset=&#8221;default&#8221; text_text_color=&#8221;#FFFFFF&#8221; global_colors_info=&#8221;{}&#8221;]<\/p>\n<p>In den mehr als 44 Jahren unserer Gesch\u00e4ftst\u00e4tigkeit haben wir einen gro\u00dfen Stamm zufriedener und wiederkehrender Kunden aufgebaut und bis heute \u00fcber 16.000 Autos verkauft.<\/p>\n<p>Jan-Olov Oscarsson gr\u00fcndete das Unternehmen 1981 und f\u00fchrte es viele Jahre lang als Einzelunternehmer. Im Laufe der Jahre stiegen Umsatz und Absatz, und die Belegschaft wuchs auf die heutige Zahl von 4 Mitarbeitern an.<\/p>\n<p>Im August 2004 wurde Jan-Olovs Bruder Thomas Oscarsson Teilhaber und gemeinsam verkaufen wir j\u00e4hrlich eine gro\u00dfe Anzahl von Fahrzeugen.<\/p>\n<p>Unsere St\u00e4rke ist unser gro\u00dfes Netzwerk an Kontakten, unsere langj\u00e4hrige gemeinsame Erfahrung und unsere anerkannt guten Autos.<br \/>Sie w\u00fcnschen sich einen ausgesprochen pers\u00f6nlichen Service und eine angenehme Behandlung vor und nach dem Autokauf?<\/p>\n<p>[\/et_pb_text][\/et_pb_column][\/et_pb_row][\/et_pb_section][et_pb_section fb_built=&#8221;1&#8243; custom_padding_last_edited=&#8221;on|phone&#8221; _builder_version=&#8221;4.27.4&#8243; _module_preset=&#8221;default&#8221; background_color=&#8221;#3F3F3F&#8221; custom_padding=&#8221;80px||80px||true|false&#8221; custom_padding_tablet=&#8221;60px||60px||true|false&#8221; custom_padding_phone=&#8221;50px||50px||true|false&#8221; global_colors_info=&#8221;{}&#8221;][et_pb_row column_structure=&#8221;1_2,1_2&#8243; use_custom_gutter=&#8221;on&#8221; make_equal=&#8221;on&#8221; _builder_version=&#8221;4.27.4&#8243; _module_preset=&#8221;default&#8221; width=&#8221;90%&#8221; global_colors_info=&#8221;{}&#8221;][et_pb_column type=&#8221;1_2&#8243; _builder_version=&#8221;4.27.4&#8243; _module_preset=&#8221;default&#8221; global_colors_info=&#8221;{}&#8221;][et_pb_heading title=&#8221;Dann sollten Sie uns kontaktieren!&#8221; _builder_version=&#8221;4.27.4&#8243; _module_preset=&#8221;default&#8221; title_level=&#8221;h2&#8243; title_font=&#8221;|600|||||||&#8221; title_text_color=&#8221;#FFFFFF&#8221; title_font_size=&#8221;33px&#8221; custom_margin=&#8221;||12px||false|false&#8221; global_colors_info=&#8221;{}&#8221;][\/et_pb_heading][et_pb_text _builder_version=&#8221;4.27.4&#8243; _module_preset=&#8221;default&#8221; text_text_color=&#8221;#FFFFFF&#8221; global_colors_info=&#8221;{}&#8221;]<\/p>\n<p>Unser st\u00e4ndiges Bestreben ist es, mit sch\u00f6nen \u00e4lteren US-Autos und anderen Klassikern zu arbeiten, die sich im absolut bestm\u00f6glichen Zustand befinden, und den Kunden auf pers\u00f6nliche Weise zu behandeln.<\/p>\n<p>Wir sind darauf bedacht, unsere Verkaufsfahrzeuge genau zu beschreiben, und da wir europaweit \u00fcber verschiedene Social Media-Plattformen arbeiten und weltweit werben, ist dies wichtiger denn je!<\/p>\n<p>Wenn Sie eine Beschreibung des Fahrzeugs, f\u00fcr das Sie sich interessieren, erhalten haben, wird diese bei Ihrer Ankunft korrekt sein!<\/p>\n<p>Wir verf\u00fcgen \u00fcber eine Fl\u00e4che von etwa 900 Quadratmetern, wo Sie immer eine gro\u00dfe Anzahl von Autos in einer warmen und angenehmen Verkaufshalle vorfinden. Wir arbeiten auch mit Verkaufsauftr\u00e4gen, d.h. wir wollen das Auto f\u00fcr Sie als Kunden verkaufen! Wir k\u00fcmmern uns um alle anfallenden Arbeiten, wickeln alle Exporte ab und k\u00fcmmern uns um den Transport.<\/p>\n<p><strong>Bezahlung der Fahrzeuge<\/strong><\/p>\n<p>Wir vermeiden den Umgang mit Bargeld so weit wie m\u00f6glich, wir akzeptieren Bank\u00fcberweisung und Swish, stellen Sie nur sicher, dass Sie Ihren H\u00f6chstbetrag im Online-Banking vorher erh\u00f6hen. Wir \u00fcbergeben keine Fahrzeuge, ohne das Geld auf unserem Konto erhalten zu haben. Vergewissern Sie sich also im Voraus, dass wir Ihre Zahlungsmethode empfangen k\u00f6nnen.<\/p>\n<p>Sie k\u00f6nnen sich ruhig und sicher f\u00fchlen, wenn Sie ein Auto bei uns kaufen. Wir f\u00fchren das Unternehmen seit mehr als 44 Jahren ohne jegliche Beanstandung und haben seit dem Kredit die h\u00f6chstm\u00f6gliche Kreditw\u00fcrdigkeit.<\/p>\n<p><strong>GDPR und die Verarbeitung personenbezogener Daten<\/strong><\/p>\n<p>Am 25. Mai 2018 trat die GDPR (General Data Protection Regulation) als Ersatz f\u00fcr das PUL (Personal Data Act) in Kraft, um eine gemeinsame Gesetzgebung in der gesamten EU zu schaffen. Wenn wir Gesch\u00e4fte machen, behandeln wir alle pers\u00f6nlichen Daten mit der h\u00f6chsten Sicherheitsstufe und wir speichern nichts, was wir nicht unbedingt m\u00fcssen. Nat\u00fcrlich werden die Informationen nach der Zustimmung gespeichert und auf Wunsch entfernt.<\/p>\n<p>[\/et_pb_text][\/et_pb_column][et_pb_column type=&#8221;1_2&#8243; _builder_version=&#8221;4.27.4&#8243; _module_preset=&#8221;default&#8221; background_image=&#8221;https:\/\/oscarssonsbil.se\/wp-content\/uploads\/2024\/12\/About-img3.jpg&#8221; background_last_edited=&#8221;on|tablet&#8221; background_enable_image_tablet=&#8221;off&#8221; border_radii=&#8221;on|20px|20px|20px|20px&#8221; global_colors_info=&#8221;{}&#8221;][et_pb_image src=&#8221;https:\/\/oscarssonsbil.se\/wp-content\/uploads\/2024\/12\/About-img3.jpg&#8221; title_text=&#8221;\u00dcber img3&#8243; disabled_on=&#8221;off|off|on&#8221; _builder_version=&#8221;4.27.4&#8243; _module_preset=&#8221;default&#8221; border_radii=&#8221;on|20px|20px|20px|20px&#8221; global_colors_info=&#8221;{}&#8221;][\/et_pb_image][\/et_pb_column][\/et_pb_row][\/et_pb_section]<\/p>\n","protected":false},"excerpt":{"rendered":"<p>Strategisch sch\u00f6n gelegen in Dalsland, genau zwischen Karlstad und G\u00f6teborg, befindet sich Mellerud, wo Sie Oscarssons Bil AB finden. Wir sind vier Leute, die hier arbeiten, und wir m\u00f6chten, dass Sie sich als Kunde wohl f\u00fchlen und das Gef\u00fchl haben, dass man sich gut um Sie k\u00fcmmert. Lesen Sie unten mehr \u00fcber das Unternehmen.In den [&hellip;]<\/p>\n","protected":false},"author":1,"featured_media":292856,"parent":0,"menu_order":0,"comment_status":"closed","ping_status":"closed","template":"","meta":{"_acf_changed":false,"_et_pb_use_builder":"on","_et_pb_old_content":"","_et_gb_content_width":"","footnotes":""},"class_list":["post-293547","page","type-page","status-publish","has-post-thumbnail","hentry"],"acf":[],"yoast_head":"<!-- This site is optimized with the Yoast SEO plugin v25.7 - https:\/\/yoast.com\/wordpress\/plugins\/seo\/ -->\n<title>Das Unternehmen - Oscarssons Bilhandel i Mellerud AB<\/title>\n<meta name=\"robots\" content=\"index, follow, max-snippet:-1, max-image-preview:large, max-video-preview:-1\" \/>\n<link rel=\"canonical\" href=\"https:\/\/oscarssonsbil.se\/de\/das-unternehmen\/\" \/>\n<meta property=\"og:locale\" content=\"de_DE\" \/>\n<meta property=\"og:type\" content=\"article\" \/>\n<meta property=\"og:title\" content=\"Das Unternehmen - Oscarssons Bilhandel i Mellerud AB\" \/>\n<meta property=\"og:description\" content=\"Strategisch sch\u00f6n gelegen in Dalsland, genau zwischen Karlstad und G\u00f6teborg, befindet sich Mellerud, wo Sie Oscarssons Bil AB finden. Wir sind vier Leute, die hier arbeiten, und wir m\u00f6chten, dass Sie sich als Kunde wohl f\u00fchlen und das Gef\u00fchl haben, dass man sich gut um Sie k\u00fcmmert. Lesen Sie unten mehr \u00fcber das Unternehmen.In den [&hellip;]\" \/>\n<meta property=\"og:url\" content=\"https:\/\/oscarssonsbil.se\/de\/das-unternehmen\/\" \/>\n<meta property=\"og:site_name\" content=\"Oscarssons Bilhandel i Mellerud AB\" \/>\n<meta property=\"article:publisher\" content=\"https:\/\/www.facebook.com\/OscarssonsBil\" \/>\n<meta property=\"article:modified_time\" content=\"2025-06-17T11:47:00+00:00\" \/>\n<meta property=\"og:image\" content=\"https:\/\/oscarssonsbil.se\/wp-content\/uploads\/2025\/06\/IMG_4214-scaled-e1749566419312.jpg\" \/>\n\t<meta property=\"og:image:width\" content=\"2492\" \/>\n\t<meta property=\"og:image:height\" content=\"1390\" \/>\n\t<meta property=\"og:image:type\" content=\"image\/jpeg\" \/>\n<meta name=\"twitter:card\" content=\"summary_large_image\" \/>\n<meta name=\"twitter:label1\" content=\"Gesch\u00e4tzte Lesezeit\" \/>\n\t<meta name=\"twitter:data1\" content=\"7\u00a0Minuten\" \/>\n<script type=\"application\/ld+json\" class=\"yoast-schema-graph\">{\"@context\":\"https:\/\/schema.org\",\"@graph\":[{\"@type\":\"WebPage\",\"@id\":\"https:\/\/oscarssonsbil.se\/de\/das-unternehmen\/\",\"url\":\"https:\/\/oscarssonsbil.se\/de\/das-unternehmen\/\",\"name\":\"Das Unternehmen - Oscarssons Bilhandel i Mellerud AB\",\"isPartOf\":{\"@id\":\"https:\/\/oscarssonsbil.se\/de\/#website\"},\"primaryImageOfPage\":{\"@id\":\"https:\/\/oscarssonsbil.se\/de\/das-unternehmen\/#primaryimage\"},\"image\":{\"@id\":\"https:\/\/oscarssonsbil.se\/de\/das-unternehmen\/#primaryimage\"},\"thumbnailUrl\":\"https:\/\/oscarssonsbil.se\/wp-content\/uploads\/2025\/06\/IMG_4214-scaled-e1749566419312.jpg\",\"datePublished\":\"2024-12-23T05:37:59+00:00\",\"dateModified\":\"2025-06-17T11:47:00+00:00\",\"breadcrumb\":{\"@id\":\"https:\/\/oscarssonsbil.se\/de\/das-unternehmen\/#breadcrumb\"},\"inLanguage\":\"de\",\"potentialAction\":[{\"@type\":\"ReadAction\",\"target\":[\"https:\/\/oscarssonsbil.se\/de\/das-unternehmen\/\"]}]},{\"@type\":\"ImageObject\",\"inLanguage\":\"de\",\"@id\":\"https:\/\/oscarssonsbil.se\/de\/das-unternehmen\/#primaryimage\",\"url\":\"https:\/\/oscarssonsbil.se\/wp-content\/uploads\/2025\/06\/IMG_4214-scaled-e1749566419312.jpg\",\"contentUrl\":\"https:\/\/oscarssonsbil.se\/wp-content\/uploads\/2025\/06\/IMG_4214-scaled-e1749566419312.jpg\",\"width\":2492,\"height\":1390},{\"@type\":\"BreadcrumbList\",\"@id\":\"https:\/\/oscarssonsbil.se\/de\/das-unternehmen\/#breadcrumb\",\"itemListElement\":[{\"@type\":\"ListItem\",\"position\":1,\"name\":\"Hem\",\"item\":\"https:\/\/oscarssonsbil.se\/de\/\"},{\"@type\":\"ListItem\",\"position\":2,\"name\":\"Das Unternehmen\"}]},{\"@type\":\"WebSite\",\"@id\":\"https:\/\/oscarssonsbil.se\/de\/#website\",\"url\":\"https:\/\/oscarssonsbil.se\/de\/\",\"name\":\"Oscarssons Bilhandel i Mellerud AB\",\"description\":\"\",\"publisher\":{\"@id\":\"https:\/\/oscarssonsbil.se\/de\/#organization\"},\"potentialAction\":[{\"@type\":\"SearchAction\",\"target\":{\"@type\":\"EntryPoint\",\"urlTemplate\":\"https:\/\/oscarssonsbil.se\/de\/?s={search_term_string}\"},\"query-input\":{\"@type\":\"PropertyValueSpecification\",\"valueRequired\":true,\"valueName\":\"search_term_string\"}}],\"inLanguage\":\"de\"},{\"@type\":\"Organization\",\"@id\":\"https:\/\/oscarssonsbil.se\/de\/#organization\",\"name\":\"Oscarssons Bilhandel i Mellerud AB\",\"url\":\"https:\/\/oscarssonsbil.se\/de\/\",\"logo\":{\"@type\":\"ImageObject\",\"inLanguage\":\"de\",\"@id\":\"https:\/\/oscarssonsbil.se\/de\/#\/schema\/logo\/image\/\",\"url\":\"https:\/\/oscarssonsbil.se\/wp-content\/uploads\/2025\/02\/logo-no-nr.png\",\"contentUrl\":\"https:\/\/oscarssonsbil.se\/wp-content\/uploads\/2025\/02\/logo-no-nr.png\",\"width\":2316,\"height\":484,\"caption\":\"Oscarssons Bilhandel i Mellerud AB\"},\"image\":{\"@id\":\"https:\/\/oscarssonsbil.se\/de\/#\/schema\/logo\/image\/\"},\"sameAs\":[\"https:\/\/www.facebook.com\/OscarssonsBil\"]}]}<\/script>\n<!-- \/ Yoast SEO plugin. -->","yoast_head_json":{"title":"Das Unternehmen - Oscarssons Bilhandel i Mellerud AB","robots":{"index":"index","follow":"follow","max-snippet":"max-snippet:-1","max-image-preview":"max-image-preview:large","max-video-preview":"max-video-preview:-1"},"canonical":"https:\/\/oscarssonsbil.se\/de\/das-unternehmen\/","og_locale":"de_DE","og_type":"article","og_title":"Das Unternehmen - Oscarssons Bilhandel i Mellerud AB","og_description":"Strategisch sch\u00f6n gelegen in Dalsland, genau zwischen Karlstad und G\u00f6teborg, befindet sich Mellerud, wo Sie Oscarssons Bil AB finden. Wir sind vier Leute, die hier arbeiten, und wir m\u00f6chten, dass Sie sich als Kunde wohl f\u00fchlen und das Gef\u00fchl haben, dass man sich gut um Sie k\u00fcmmert. Lesen Sie unten mehr \u00fcber das Unternehmen.In den [&hellip;]","og_url":"https:\/\/oscarssonsbil.se\/de\/das-unternehmen\/","og_site_name":"Oscarssons Bilhandel i Mellerud AB","article_publisher":"https:\/\/www.facebook.com\/OscarssonsBil","article_modified_time":"2025-06-17T11:47:00+00:00","og_image":[{"width":2492,"height":1390,"url":"https:\/\/oscarssonsbil.se\/wp-content\/uploads\/2025\/06\/IMG_4214-scaled-e1749566419312.jpg","type":"image\/jpeg"}],"twitter_card":"summary_large_image","twitter_misc":{"Gesch\u00e4tzte Lesezeit":"7\u00a0Minuten"},"schema":{"@context":"https:\/\/schema.org","@graph":[{"@type":"WebPage","@id":"https:\/\/oscarssonsbil.se\/de\/das-unternehmen\/","url":"https:\/\/oscarssonsbil.se\/de\/das-unternehmen\/","name":"Das Unternehmen - Oscarssons Bilhandel i Mellerud AB","isPartOf":{"@id":"https:\/\/oscarssonsbil.se\/de\/#website"},"primaryImageOfPage":{"@id":"https:\/\/oscarssonsbil.se\/de\/das-unternehmen\/#primaryimage"},"image":{"@id":"https:\/\/oscarssonsbil.se\/de\/das-unternehmen\/#primaryimage"},"thumbnailUrl":"https:\/\/oscarssonsbil.se\/wp-content\/uploads\/2025\/06\/IMG_4214-scaled-e1749566419312.jpg","datePublished":"2024-12-23T05:37:59+00:00","dateModified":"2025-06-17T11:47:00+00:00","breadcrumb":{"@id":"https:\/\/oscarssonsbil.se\/de\/das-unternehmen\/#breadcrumb"},"inLanguage":"de","potentialAction":[{"@type":"ReadAction","target":["https:\/\/oscarssonsbil.se\/de\/das-unternehmen\/"]}]},{"@type":"ImageObject","inLanguage":"de","@id":"https:\/\/oscarssonsbil.se\/de\/das-unternehmen\/#primaryimage","url":"https:\/\/oscarssonsbil.se\/wp-content\/uploads\/2025\/06\/IMG_4214-scaled-e1749566419312.jpg","contentUrl":"https:\/\/oscarssonsbil.se\/wp-content\/uploads\/2025\/06\/IMG_4214-scaled-e1749566419312.jpg","width":2492,"height":1390},{"@type":"BreadcrumbList","@id":"https:\/\/oscarssonsbil.se\/de\/das-unternehmen\/#breadcrumb","itemListElement":[{"@type":"ListItem","position":1,"name":"Hem","item":"https:\/\/oscarssonsbil.se\/de\/"},{"@type":"ListItem","position":2,"name":"Das Unternehmen"}]},{"@type":"WebSite","@id":"https:\/\/oscarssonsbil.se\/de\/#website","url":"https:\/\/oscarssonsbil.se\/de\/","name":"Oscarssons Bilhandel i Mellerud AB","description":"","publisher":{"@id":"https:\/\/oscarssonsbil.se\/de\/#organization"},"potentialAction":[{"@type":"SearchAction","target":{"@type":"EntryPoint","urlTemplate":"https:\/\/oscarssonsbil.se\/de\/?s={search_term_string}"},"query-input":{"@type":"PropertyValueSpecification","valueRequired":true,"valueName":"search_term_string"}}],"inLanguage":"de"},{"@type":"Organization","@id":"https:\/\/oscarssonsbil.se\/de\/#organization","name":"Oscarssons Bilhandel i Mellerud AB","url":"https:\/\/oscarssonsbil.se\/de\/","logo":{"@type":"ImageObject","inLanguage":"de","@id":"https:\/\/oscarssonsbil.se\/de\/#\/schema\/logo\/image\/","url":"https:\/\/oscarssonsbil.se\/wp-content\/uploads\/2025\/02\/logo-no-nr.png","contentUrl":"https:\/\/oscarssonsbil.se\/wp-content\/uploads\/2025\/02\/logo-no-nr.png","width":2316,"height":484,"caption":"Oscarssons Bilhandel i Mellerud AB"},"image":{"@id":"https:\/\/oscarssonsbil.se\/de\/#\/schema\/logo\/image\/"},"sameAs":["https:\/\/www.facebook.com\/OscarssonsBil"]}]}},"_links":{"self":[{"href":"https:\/\/oscarssonsbil.se\/de\/wp-json\/wp\/v2\/pages\/293547","targetHints":{"allow":["GET"]}}],"collection":[{"href":"https:\/\/oscarssonsbil.se\/de\/wp-json\/wp\/v2\/pages"}],"about":[{"href":"https:\/\/oscarssonsbil.se\/de\/wp-json\/wp\/v2\/types\/page"}],"author":[{"embeddable":true,"href":"https:\/\/oscarssonsbil.se\/de\/wp-json\/wp\/v2\/users\/1"}],"replies":[{"embeddable":true,"href":"https:\/\/oscarssonsbil.se\/de\/wp-json\/wp\/v2\/comments?post=293547"}],"version-history":[{"count":1,"href":"https:\/\/oscarssonsbil.se\/de\/wp-json\/wp\/v2\/pages\/293547\/revisions"}],"predecessor-version":[{"id":293555,"href":"https:\/\/oscarssonsbil.se\/de\/wp-json\/wp\/v2\/pages\/293547\/revisions\/293555"}],"wp:featuredmedia":[{"embeddable":true,"href":"https:\/\/oscarssonsbil.se\/de\/wp-json\/wp\/v2\/media\/292856"}],"wp:attachment":[{"href":"https:\/\/oscarssonsbil.se\/de\/wp-json\/wp\/v2\/media?parent=293547"}],"curies":[{"name":"wp","href":"https:\/\/api.w.org\/{rel}","templated":true}]}}