{"id":293513,"date":"2024-12-23T06:38:48","date_gmt":"2024-12-23T05:38:48","guid":{"rendered":"https:\/\/oscarssonsbil.se\/finanzierung\/"},"modified":"2025-06-17T13:46:59","modified_gmt":"2025-06-17T11:46:59","slug":"finanzierung","status":"publish","type":"page","link":"https:\/\/oscarssonsbil.se\/de\/finanzierung\/","title":{"rendered":"Finanzierung"},"content":{"rendered":"<p>[et_pb_section fb_built=&#8221;1&#8243; custom_padding_last_edited=&#8221;on|phone&#8221; _builder_version=&#8221;4.27.4&#8243; _dynamic_attributes=&#8221;background_image&#8221; _module_preset=&#8221;default&#8221; background_enable_color=&#8221;off&#8221; use_background_color_gradient=&#8221;on&#8221; background_color_gradient_stops=&#8221;rgba(0,0,0,0.6) 0%|rgba(0,0,0,0.6) 100%&#8221; background_color_gradient_overlays_image=&#8221;on&#8221; background_image=&#8221;@ET-DC@eyJkeW5hbWljIjp0cnVlLCJjb250ZW50IjoicG9zdF9mZWF0dXJlZF9pbWFnZSIsInNldHRpbmdzIjp7fX0=@&#8221; background_position=&#8221;bottom_center&#8221; background_vertical_offset=&#8221;91%&#8221; custom_margin=&#8221;||||false|false&#8221; custom_padding=&#8221;250px||180px||false|false&#8221; custom_padding_tablet=&#8221;150px||90px||false|false&#8221; custom_padding_phone=&#8221;150px||90px||false|false&#8221; global_colors_info=&#8221;{}&#8221;][et_pb_row _builder_version=&#8221;4.24.0&#8243; _module_preset=&#8221;default&#8221; custom_padding=&#8221;10px||0px||false|false&#8221; global_colors_info=&#8221;{}&#8221;][et_pb_column type=&#8221;4_4&#8243; _builder_version=&#8221;4.23.1&#8243; _module_preset=&#8221;default&#8221; global_colors_info=&#8221;{}&#8221;][et_pb_text _builder_version=&#8221;4.27.4&#8243; _dynamic_attributes=&#8221;content&#8221; _module_preset=&#8221;default&#8221; header_font=&#8221;|700||on|||||&#8221; header_text_align=&#8221;center&#8221; header_text_color=&#8221;#FFFFFF&#8221; header_font_size=&#8221;40px&#8221; header_font_size_tablet=&#8221;33px&#8221; header_font_size_phone=&#8221;30px&#8221; header_font_size_last_edited=&#8221;on|tablet&#8221; header_text_shadow_style=&#8221;preset5&#8243; header_text_shadow_horizontal_length=&#8221;-0.06em&#8221; header_text_shadow_vertical_length=&#8221;-0.08em&#8221; header_text_shadow_blur_strength=&#8221;1px&#8221; header_text_shadow_color=&#8221;#000000&#8243; global_colors_info=&#8221;{}&#8221;]@ET-DC@eyJkeW5hbWljIjp0cnVlLCJjb250ZW50IjoicG9zdF90aXRsZSIsInNldHRpbmdzIjp7ImJlZm9yZSI6IjxoMT4iLCJhZnRlciI6IjxcL2gxPiJ9fQ==@[\/et_pb_text][\/et_pb_column][\/et_pb_row][\/et_pb_section][et_pb_section fb_built=&#8221;1&#8243; custom_padding_last_edited=&#8221;on|phone&#8221; _builder_version=&#8221;4.27.4&#8243; _module_preset=&#8221;default&#8221; background_color=&#8221;#3F3F3F&#8221; custom_padding=&#8221;80px||80px||true|false&#8221; custom_padding_tablet=&#8221;60px||60px||true|false&#8221; custom_padding_phone=&#8221;50px||50px||true|false&#8221; global_colors_info=&#8221;{}&#8221;][et_pb_row column_structure=&#8221;1_2,1_2&#8243; use_custom_gutter=&#8221;on&#8221; make_equal=&#8221;on&#8221; module_class=&#8221;center-align&#8221; _builder_version=&#8221;4.27.4&#8243; _module_preset=&#8221;default&#8221; width=&#8221;90%&#8221; global_colors_info=&#8221;{}&#8221;][et_pb_column type=&#8221;1_2&#8243; _builder_version=&#8221;4.27.4&#8243; _module_preset=&#8221;default&#8221; global_colors_info=&#8221;{}&#8221;][et_pb_heading title=&#8221;Finanzierung&#8221; _builder_version=&#8221;4.27.4&#8243; _module_preset=&#8221;default&#8221; title_level=&#8221;h2&#8243; title_font=&#8221;|600|||||||&#8221; title_text_color=&#8221;#FFFFFF&#8221; title_font_size=&#8221;33px&#8221; custom_margin=&#8221;||12px||false|false&#8221; global_colors_info=&#8221;{}&#8221;][\/et_pb_heading][et_pb_text _builder_version=&#8221;4.27.4&#8243; _module_preset=&#8221;default&#8221; text_text_color=&#8221;#FFFFFF&#8221; global_colors_info=&#8221;{}&#8221;]<\/p>\n<p>\u00dcberlassen Sie uns Ihre Finanzierung, wir arrangieren eine g\u00fcnstige Ratenzahlung oder ein Gesch\u00e4ftsleasing, w\u00e4hrend Sie warten.<br \/>Wir erledigen das schnell und reibungslos, meist g\u00fcnstiger als die Bank.<\/p>\n<p>Wir haben Finanzierungsl\u00f6sungen f\u00fcr jeden!<\/p>\n<p>[\/et_pb_text][\/et_pb_column][et_pb_column type=&#8221;1_2&#8243; _builder_version=&#8221;4.27.4&#8243; _module_preset=&#8221;default&#8221; global_colors_info=&#8221;{}&#8221;][et_pb_image src=&#8221;https:\/\/oscarssonsbil.se\/wp-content\/uploads\/2025\/03\/image0.png&#8221; title_text=&#8221;image0&#8243; _builder_version=&#8221;4.27.4&#8243; _module_preset=&#8221;default&#8221; border_radii=&#8221;on|20px|20px|20px|20px&#8221; global_colors_info=&#8221;{}&#8221;][\/et_pb_image][\/et_pb_column][\/et_pb_row][\/et_pb_section][et_pb_section fb_built=&#8221;1&#8243; custom_padding_last_edited=&#8221;on|phone&#8221; _builder_version=&#8221;4.27.4&#8243; _module_preset=&#8221;default&#8221; background_color=&#8221;#333333&#8243; custom_padding=&#8221;80px||80px||true|false&#8221; custom_padding_tablet=&#8221;60px||60px||true|false&#8221; custom_padding_phone=&#8221;50px||50px||true|false&#8221; global_colors_info=&#8221;{}&#8221;][et_pb_row use_custom_gutter=&#8221;on&#8221; make_equal=&#8221;on&#8221; _builder_version=&#8221;4.27.4&#8243; _module_preset=&#8221;default&#8221; width=&#8221;90%&#8221; global_colors_info=&#8221;{}&#8221;][et_pb_column type=&#8221;4_4&#8243; _builder_version=&#8221;4.27.4&#8243; _module_preset=&#8221;default&#8221; global_colors_info=&#8221;{}&#8221;][et_pb_text _builder_version=&#8221;4.27.4&#8243; _module_preset=&#8221;default&#8221; text_text_color=&#8221;#FFFFFF&#8221; header_text_color=&#8221;#FFFFFF&#8221; header_3_text_color=&#8221;#FFFFFF&#8221; global_colors_info=&#8221;{}&#8221;]<\/p>\n<h3><strong>Wir k\u00fcmmern uns um Ihre Finanzierung<\/strong><\/h3>\n<p>Wir arrangieren f\u00fcr Sie einen g\u00fcnstigen Mietkauf oder ein Gesch\u00e4ftsleasing, w\u00e4hrend Sie warten. Wir erledigen das schnell und reibungslos, meist billiger als die Bank. Um ein Finanzierungsangebot f\u00fcr ein Auto aus unserem Bestand zu sehen, klicken Sie auf das Auto (klicken Sie im linken Men\u00fc auf Autos im Bestand und dann auf den entsprechenden Artikel). Auf der rechten Seite sehen Sie ein Feld, in dem Sie die Finanzierungsmodalit\u00e4ten anpassen k\u00f6nnen.<\/p>\n<h3><strong>Wir l\u00f6sen alle Formen der Finanzierung<\/strong><\/h3>\n<p>Wir haben L\u00f6sungen f\u00fcr die meisten Autofinanzierungsbed\u00fcrfnisse. Wenn Sie hier nicht finden k\u00f6nnen, was Sie suchen, kontaktieren Sie uns und wir werden eine L\u00f6sung f\u00fcr Ihre Situation und Ihre Anforderungen finden.<\/p>\n<p>Nachfolgend finden Sie einige verschiedene Optionen und eine kurze Beschreibung ihrer Funktionsweise.<\/p>\n<h3><strong>Privater Mietkauf<\/strong><\/h3>\n<p>Ein Auto ist oft eine gro\u00dfe Investition. Wenn Sie Hilfe bei der Finanzierung ben\u00f6tigen, ist unsere Ratenzahlungsoption eine sehr gute M\u00f6glichkeit.<br \/>&#8211; Ihr Auto ist ausreichend Sicherheit f\u00fcr den Kredit, es schr\u00e4nkt Ihre F\u00e4higkeit, Kredite f\u00fcr andere Zwecke aufzunehmen, nicht ein.<br \/>&#8211; Sie m\u00fcssen nicht selbst Geld ausgeben.<br \/>&#8211; Sie m\u00fcssen keine hohen Zinss\u00e4tze f\u00fcr unbesicherte Kredite an die Bank zahlen und Ihre M\u00f6glichkeiten, Kredite f\u00fcr andere Zwecke aufzunehmen, einschr\u00e4nken.<br \/>&#8211; Sie vermeiden es, den Kreditraum in Ihrem Haus f\u00fcr den Konsum verschwinden zu lassen, indem Sie neue Hypotheken mit hohen Kosten f\u00fcr Hypothekenurkunden, Wertermittlung usw. aufnehmen.<br \/>&#8211; Sie erhalten eine Kreditentscheidung direkt von uns, w\u00e4hrend Sie warten.<\/p>\n<h3><strong>Bedingungen und Konditionen<\/strong><\/h3>\n<p>&#8211; Wir sind flexibel in Bezug auf die Kreditlaufzeit, von einem bis sieben Jahren oder acht Jahren f\u00fcr Liebhaberfahrzeuge.<br \/>&#8211; Sie k\u00f6nnen den Kredit zur\u00fcckzahlen, wann immer Sie wollen.<br \/>&#8211; 30% der Zinsen sind steuerlich absetzbar.<br \/>&#8211; Mindestens 20% des Fahrzeugpreises werden in bar bezahlt. (Nach schwedischem Recht).<br \/>&#8211; Wir k\u00f6nnen Ihnen bei der Organisation der Anzahlung helfen, wenn Sie dies w\u00fcnschen.<\/p>\n<h3><strong>Leasing-Gesellschaften<\/strong><\/h3>\n<p>Mehrere Gr\u00fcnde machen das Leasing eines Autos zu einem g\u00fcnstigen Gesch\u00e4ft, sowohl f\u00fcr Sie als Fahrer als auch f\u00fcr das Unternehmen.<\/p>\n<p><strong>Wirtschaftliche Vorteile &#8211; Treiber<\/strong><\/p>\n<p>Die vereinfachten Steuervorschriften bedeuten, dass Sie im Voraus wissen, was Ihr Auto jeden Monat kosten wird.<\/p>\n<p>Private Kilometer, Fahrten zur und von der Arbeit, Benzinkosten und Abschreibungen sind im Leistungswert enthalten.<\/p>\n<p>Aber am wichtigsten ist, dass Sie immer ein neues und frisches Auto haben, frei von Problemen und teuren Werkstattbesuchen. Dar\u00fcber hinaus ist der Leistungswert rentenf\u00e4hig.<\/p>\n<p><strong>Wirtschaftlicher Nutzen &#8211; Unternehmen<\/strong><\/p>\n<p>F\u00fcr das Unternehmen sind die wirtschaftlichen Vorteile am wichtigsten. Wenn ein Auto von einem Unternehmen gekauft wird, ist die Mehrwertsteuer nicht abzugsf\u00e4hig. Im Falle von Leasing ist jedoch die H\u00e4lfte der Mehrwertsteuer abzugsf\u00e4hig. Das bedeutet, dass die Leasingoption f\u00fcr das Unternehmen oft billiger ist als der Barkauf des Autos.<\/p>\n<p>&#8211; Vor allem erm\u00f6glicht es dem Unternehmen, seine Liquidit\u00e4t zu erhalten und das Geld in seine eigentlichen Gesch\u00e4ftsaktivit\u00e4ten zu investieren.<br \/>&#8211; Wenn das Auto gut gepflegt ist, darf das Unternehmen den gesamten \u00dcberschuss \u00fcber den Restwert hinaus behalten, wenn das Auto verkauft wird.<br \/>&#8211; Wir bieten ma\u00dfgeschneiderte L\u00f6sungen f\u00fcr alle Bed\u00fcrfnisse.<br \/>&#8211; Wenn das Unternehmen w\u00e4hrend der Leasingdauer das Fahrzeug wechseln m\u00f6chte, ist dies ebenfalls m\u00f6glich.<\/p>\n<p><strong>Kontaktieren Sie uns f\u00fcr weitere Informationen \u00fcber g\u00fcnstige Autokredite.<\/strong><\/p>\n<p>[\/et_pb_text][\/et_pb_column][\/et_pb_row][\/et_pb_section]<\/p>\n","protected":false},"excerpt":{"rendered":"<p>\u00dcberlassen Sie uns Ihre Finanzierung, wir arrangieren eine g\u00fcnstige Ratenzahlung oder ein Gesch\u00e4ftsleasing, w\u00e4hrend Sie warten.Wir erledigen das schnell und reibungslos, meist g\u00fcnstiger als die Bank. Wir haben Finanzierungsl\u00f6sungen f\u00fcr jeden!Wir k\u00fcmmern uns um Ihre Finanzierung Wir arrangieren f\u00fcr Sie einen g\u00fcnstigen Mietkauf oder ein Gesch\u00e4ftsleasing, w\u00e4hrend Sie warten. Wir erledigen das schnell und reibungslos, [&hellip;]<\/p>\n","protected":false},"author":1,"featured_media":292701,"parent":0,"menu_order":0,"comment_status":"closed","ping_status":"closed","template":"","meta":{"_acf_changed":false,"_et_pb_use_builder":"on","_et_pb_old_content":"","_et_gb_content_width":"","footnotes":""},"class_list":["post-293513","page","type-page","status-publish","has-post-thumbnail","hentry"],"acf":[],"yoast_head":"<!-- This site is optimized with the Yoast SEO plugin v25.7 - https:\/\/yoast.com\/wordpress\/plugins\/seo\/ -->\n<title>Finanzierung - Oscarssons Bilhandel i Mellerud AB<\/title>\n<meta name=\"robots\" content=\"index, follow, max-snippet:-1, max-image-preview:large, max-video-preview:-1\" \/>\n<link rel=\"canonical\" href=\"https:\/\/oscarssonsbil.se\/de\/finanzierung\/\" \/>\n<meta property=\"og:locale\" content=\"de_DE\" \/>\n<meta property=\"og:type\" content=\"article\" \/>\n<meta property=\"og:title\" content=\"Finanzierung - Oscarssons Bilhandel i Mellerud AB\" \/>\n<meta property=\"og:description\" content=\"\u00dcberlassen Sie uns Ihre Finanzierung, wir arrangieren eine g\u00fcnstige Ratenzahlung oder ein Gesch\u00e4ftsleasing, w\u00e4hrend Sie warten.Wir erledigen das schnell und reibungslos, meist g\u00fcnstiger als die Bank. Wir haben Finanzierungsl\u00f6sungen f\u00fcr jeden!Wir k\u00fcmmern uns um Ihre Finanzierung Wir arrangieren f\u00fcr Sie einen g\u00fcnstigen Mietkauf oder ein Gesch\u00e4ftsleasing, w\u00e4hrend Sie warten. Wir erledigen das schnell und reibungslos, [&hellip;]\" \/>\n<meta property=\"og:url\" content=\"https:\/\/oscarssonsbil.se\/de\/finanzierung\/\" \/>\n<meta property=\"og:site_name\" content=\"Oscarssons Bilhandel i Mellerud AB\" \/>\n<meta property=\"article:publisher\" content=\"https:\/\/www.facebook.com\/OscarssonsBil\" \/>\n<meta property=\"article:modified_time\" content=\"2025-06-17T11:46:59+00:00\" \/>\n<meta property=\"og:image\" content=\"https:\/\/oscarssonsbil.se\/wp-content\/uploads\/2025\/06\/IMG_6348-scaled.jpg\" \/>\n\t<meta property=\"og:image:width\" content=\"2560\" \/>\n\t<meta property=\"og:image:height\" content=\"1920\" \/>\n\t<meta property=\"og:image:type\" content=\"image\/jpeg\" \/>\n<meta name=\"twitter:card\" content=\"summary_large_image\" \/>\n<meta name=\"twitter:label1\" content=\"Gesch\u00e4tzte Lesezeit\" \/>\n\t<meta name=\"twitter:data1\" content=\"6\u00a0Minuten\" \/>\n<script type=\"application\/ld+json\" class=\"yoast-schema-graph\">{\"@context\":\"https:\/\/schema.org\",\"@graph\":[{\"@type\":\"WebPage\",\"@id\":\"https:\/\/oscarssonsbil.se\/de\/finanzierung\/\",\"url\":\"https:\/\/oscarssonsbil.se\/de\/finanzierung\/\",\"name\":\"Finanzierung - Oscarssons Bilhandel i Mellerud AB\",\"isPartOf\":{\"@id\":\"https:\/\/oscarssonsbil.se\/de\/#website\"},\"primaryImageOfPage\":{\"@id\":\"https:\/\/oscarssonsbil.se\/de\/finanzierung\/#primaryimage\"},\"image\":{\"@id\":\"https:\/\/oscarssonsbil.se\/de\/finanzierung\/#primaryimage\"},\"thumbnailUrl\":\"https:\/\/oscarssonsbil.se\/wp-content\/uploads\/2025\/06\/IMG_6348-scaled.jpg\",\"datePublished\":\"2024-12-23T05:38:48+00:00\",\"dateModified\":\"2025-06-17T11:46:59+00:00\",\"breadcrumb\":{\"@id\":\"https:\/\/oscarssonsbil.se\/de\/finanzierung\/#breadcrumb\"},\"inLanguage\":\"de\",\"potentialAction\":[{\"@type\":\"ReadAction\",\"target\":[\"https:\/\/oscarssonsbil.se\/de\/finanzierung\/\"]}]},{\"@type\":\"ImageObject\",\"inLanguage\":\"de\",\"@id\":\"https:\/\/oscarssonsbil.se\/de\/finanzierung\/#primaryimage\",\"url\":\"https:\/\/oscarssonsbil.se\/wp-content\/uploads\/2025\/06\/IMG_6348-scaled.jpg\",\"contentUrl\":\"https:\/\/oscarssonsbil.se\/wp-content\/uploads\/2025\/06\/IMG_6348-scaled.jpg\",\"width\":2560,\"height\":1920},{\"@type\":\"BreadcrumbList\",\"@id\":\"https:\/\/oscarssonsbil.se\/de\/finanzierung\/#breadcrumb\",\"itemListElement\":[{\"@type\":\"ListItem\",\"position\":1,\"name\":\"Hem\",\"item\":\"https:\/\/oscarssonsbil.se\/de\/\"},{\"@type\":\"ListItem\",\"position\":2,\"name\":\"Finanzierung\"}]},{\"@type\":\"WebSite\",\"@id\":\"https:\/\/oscarssonsbil.se\/de\/#website\",\"url\":\"https:\/\/oscarssonsbil.se\/de\/\",\"name\":\"Oscarssons Bilhandel i Mellerud AB\",\"description\":\"\",\"publisher\":{\"@id\":\"https:\/\/oscarssonsbil.se\/de\/#organization\"},\"potentialAction\":[{\"@type\":\"SearchAction\",\"target\":{\"@type\":\"EntryPoint\",\"urlTemplate\":\"https:\/\/oscarssonsbil.se\/de\/?s={search_term_string}\"},\"query-input\":{\"@type\":\"PropertyValueSpecification\",\"valueRequired\":true,\"valueName\":\"search_term_string\"}}],\"inLanguage\":\"de\"},{\"@type\":\"Organization\",\"@id\":\"https:\/\/oscarssonsbil.se\/de\/#organization\",\"name\":\"Oscarssons Bilhandel i Mellerud AB\",\"url\":\"https:\/\/oscarssonsbil.se\/de\/\",\"logo\":{\"@type\":\"ImageObject\",\"inLanguage\":\"de\",\"@id\":\"https:\/\/oscarssonsbil.se\/de\/#\/schema\/logo\/image\/\",\"url\":\"https:\/\/oscarssonsbil.se\/wp-content\/uploads\/2025\/02\/logo-no-nr.png\",\"contentUrl\":\"https:\/\/oscarssonsbil.se\/wp-content\/uploads\/2025\/02\/logo-no-nr.png\",\"width\":2316,\"height\":484,\"caption\":\"Oscarssons Bilhandel i Mellerud AB\"},\"image\":{\"@id\":\"https:\/\/oscarssonsbil.se\/de\/#\/schema\/logo\/image\/\"},\"sameAs\":[\"https:\/\/www.facebook.com\/OscarssonsBil\"]}]}<\/script>\n<!-- \/ Yoast SEO plugin. -->","yoast_head_json":{"title":"Finanzierung - Oscarssons Bilhandel i Mellerud AB","robots":{"index":"index","follow":"follow","max-snippet":"max-snippet:-1","max-image-preview":"max-image-preview:large","max-video-preview":"max-video-preview:-1"},"canonical":"https:\/\/oscarssonsbil.se\/de\/finanzierung\/","og_locale":"de_DE","og_type":"article","og_title":"Finanzierung - Oscarssons Bilhandel i Mellerud AB","og_description":"\u00dcberlassen Sie uns Ihre Finanzierung, wir arrangieren eine g\u00fcnstige Ratenzahlung oder ein Gesch\u00e4ftsleasing, w\u00e4hrend Sie warten.Wir erledigen das schnell und reibungslos, meist g\u00fcnstiger als die Bank. Wir haben Finanzierungsl\u00f6sungen f\u00fcr jeden!Wir k\u00fcmmern uns um Ihre Finanzierung Wir arrangieren f\u00fcr Sie einen g\u00fcnstigen Mietkauf oder ein Gesch\u00e4ftsleasing, w\u00e4hrend Sie warten. Wir erledigen das schnell und reibungslos, [&hellip;]","og_url":"https:\/\/oscarssonsbil.se\/de\/finanzierung\/","og_site_name":"Oscarssons Bilhandel i Mellerud AB","article_publisher":"https:\/\/www.facebook.com\/OscarssonsBil","article_modified_time":"2025-06-17T11:46:59+00:00","og_image":[{"width":2560,"height":1920,"url":"https:\/\/oscarssonsbil.se\/wp-content\/uploads\/2025\/06\/IMG_6348-scaled.jpg","type":"image\/jpeg"}],"twitter_card":"summary_large_image","twitter_misc":{"Gesch\u00e4tzte Lesezeit":"6\u00a0Minuten"},"schema":{"@context":"https:\/\/schema.org","@graph":[{"@type":"WebPage","@id":"https:\/\/oscarssonsbil.se\/de\/finanzierung\/","url":"https:\/\/oscarssonsbil.se\/de\/finanzierung\/","name":"Finanzierung - Oscarssons Bilhandel i Mellerud AB","isPartOf":{"@id":"https:\/\/oscarssonsbil.se\/de\/#website"},"primaryImageOfPage":{"@id":"https:\/\/oscarssonsbil.se\/de\/finanzierung\/#primaryimage"},"image":{"@id":"https:\/\/oscarssonsbil.se\/de\/finanzierung\/#primaryimage"},"thumbnailUrl":"https:\/\/oscarssonsbil.se\/wp-content\/uploads\/2025\/06\/IMG_6348-scaled.jpg","datePublished":"2024-12-23T05:38:48+00:00","dateModified":"2025-06-17T11:46:59+00:00","breadcrumb":{"@id":"https:\/\/oscarssonsbil.se\/de\/finanzierung\/#breadcrumb"},"inLanguage":"de","potentialAction":[{"@type":"ReadAction","target":["https:\/\/oscarssonsbil.se\/de\/finanzierung\/"]}]},{"@type":"ImageObject","inLanguage":"de","@id":"https:\/\/oscarssonsbil.se\/de\/finanzierung\/#primaryimage","url":"https:\/\/oscarssonsbil.se\/wp-content\/uploads\/2025\/06\/IMG_6348-scaled.jpg","contentUrl":"https:\/\/oscarssonsbil.se\/wp-content\/uploads\/2025\/06\/IMG_6348-scaled.jpg","width":2560,"height":1920},{"@type":"BreadcrumbList","@id":"https:\/\/oscarssonsbil.se\/de\/finanzierung\/#breadcrumb","itemListElement":[{"@type":"ListItem","position":1,"name":"Hem","item":"https:\/\/oscarssonsbil.se\/de\/"},{"@type":"ListItem","position":2,"name":"Finanzierung"}]},{"@type":"WebSite","@id":"https:\/\/oscarssonsbil.se\/de\/#website","url":"https:\/\/oscarssonsbil.se\/de\/","name":"Oscarssons Bilhandel i Mellerud AB","description":"","publisher":{"@id":"https:\/\/oscarssonsbil.se\/de\/#organization"},"potentialAction":[{"@type":"SearchAction","target":{"@type":"EntryPoint","urlTemplate":"https:\/\/oscarssonsbil.se\/de\/?s={search_term_string}"},"query-input":{"@type":"PropertyValueSpecification","valueRequired":true,"valueName":"search_term_string"}}],"inLanguage":"de"},{"@type":"Organization","@id":"https:\/\/oscarssonsbil.se\/de\/#organization","name":"Oscarssons Bilhandel i Mellerud AB","url":"https:\/\/oscarssonsbil.se\/de\/","logo":{"@type":"ImageObject","inLanguage":"de","@id":"https:\/\/oscarssonsbil.se\/de\/#\/schema\/logo\/image\/","url":"https:\/\/oscarssonsbil.se\/wp-content\/uploads\/2025\/02\/logo-no-nr.png","contentUrl":"https:\/\/oscarssonsbil.se\/wp-content\/uploads\/2025\/02\/logo-no-nr.png","width":2316,"height":484,"caption":"Oscarssons Bilhandel i Mellerud AB"},"image":{"@id":"https:\/\/oscarssonsbil.se\/de\/#\/schema\/logo\/image\/"},"sameAs":["https:\/\/www.facebook.com\/OscarssonsBil"]}]}},"_links":{"self":[{"href":"https:\/\/oscarssonsbil.se\/de\/wp-json\/wp\/v2\/pages\/293513","targetHints":{"allow":["GET"]}}],"collection":[{"href":"https:\/\/oscarssonsbil.se\/de\/wp-json\/wp\/v2\/pages"}],"about":[{"href":"https:\/\/oscarssonsbil.se\/de\/wp-json\/wp\/v2\/types\/page"}],"author":[{"embeddable":true,"href":"https:\/\/oscarssonsbil.se\/de\/wp-json\/wp\/v2\/users\/1"}],"replies":[{"embeddable":true,"href":"https:\/\/oscarssonsbil.se\/de\/wp-json\/wp\/v2\/comments?post=293513"}],"version-history":[{"count":10,"href":"https:\/\/oscarssonsbil.se\/de\/wp-json\/wp\/v2\/pages\/293513\/revisions"}],"predecessor-version":[{"id":293552,"href":"https:\/\/oscarssonsbil.se\/de\/wp-json\/wp\/v2\/pages\/293513\/revisions\/293552"}],"wp:featuredmedia":[{"embeddable":true,"href":"https:\/\/oscarssonsbil.se\/de\/wp-json\/wp\/v2\/media\/292701"}],"wp:attachment":[{"href":"https:\/\/oscarssonsbil.se\/de\/wp-json\/wp\/v2\/media?parent=293513"}],"curies":[{"name":"wp","href":"https:\/\/api.w.org\/{rel}","templated":true}]}}