{"id":293508,"date":"2024-12-23T06:58:38","date_gmt":"2024-12-23T05:58:38","guid":{"rendered":"https:\/\/oscarssonsbil.se\/mellerud\/"},"modified":"2025-06-17T13:46:50","modified_gmt":"2025-06-17T11:46:50","slug":"mellerud","status":"publish","type":"page","link":"https:\/\/oscarssonsbil.se\/de\/mellerud\/","title":{"rendered":"Mellerud"},"content":{"rendered":"<p>[et_pb_section fb_built=&#8221;1&#8243; custom_padding_last_edited=&#8221;on|phone&#8221; _builder_version=&#8221;4.27.4&#8243; _dynamic_attributes=&#8221;background_image&#8221; _module_preset=&#8221;default&#8221; background_enable_color=&#8221;off&#8221; use_background_color_gradient=&#8221;on&#8221; background_color_gradient_stops=&#8221;rgba(0,0,0,0.6) 0%|rgba(0,0,0,0.6) 100%&#8221; background_color_gradient_overlays_image=&#8221;on&#8221; background_image=&#8221;@ET-DC@eyJkeW5hbWljIjp0cnVlLCJjb250ZW50IjoicG9zdF9mZWF0dXJlZF9pbWFnZSIsInNldHRpbmdzIjp7fX0=@&#8221; custom_margin=&#8221;||||false|false&#8221; custom_padding=&#8221;250px||180px||false|false&#8221; custom_padding_tablet=&#8221;150px||90px||false|false&#8221; custom_padding_phone=&#8221;150px||90px||false|false&#8221; global_colors_info=&#8221;{}&#8221;][et_pb_row _builder_version=&#8221;4.24.0&#8243; _module_preset=&#8221;default&#8221; custom_padding=&#8221;10px||0px||false|false&#8221; global_colors_info=&#8221;{}&#8221;][et_pb_column type=&#8221;4_4&#8243; _builder_version=&#8221;4.23.1&#8243; _module_preset=&#8221;default&#8221; global_colors_info=&#8221;{}&#8221;][et_pb_text _builder_version=&#8221;4.27.4&#8243; _dynamic_attributes=&#8221;content&#8221; _module_preset=&#8221;default&#8221; header_font=&#8221;|700||on|||||&#8221; header_text_align=&#8221;center&#8221; header_text_color=&#8221;#FFFFFF&#8221; header_font_size=&#8221;40px&#8221; header_font_size_tablet=&#8221;33px&#8221; header_font_size_phone=&#8221;30px&#8221; header_font_size_last_edited=&#8221;on|tablet&#8221; header_text_shadow_style=&#8221;preset5&#8243; header_text_shadow_horizontal_length=&#8221;-0.06em&#8221; header_text_shadow_vertical_length=&#8221;-0.08em&#8221; header_text_shadow_blur_strength=&#8221;1px&#8221; header_text_shadow_color=&#8221;#000000&#8243; global_colors_info=&#8221;{}&#8221;]@ET-DC@eyJkeW5hbWljIjp0cnVlLCJjb250ZW50IjoicG9zdF90aXRsZSIsInNldHRpbmdzIjp7ImJlZm9yZSI6IjxoMT4iLCJhZnRlciI6IjxcL2gxPiJ9fQ==@[\/et_pb_text][\/et_pb_column][\/et_pb_row][\/et_pb_section][et_pb_section fb_built=&#8221;1&#8243; custom_padding_last_edited=&#8221;on|phone&#8221; _builder_version=&#8221;4.27.4&#8243; _module_preset=&#8221;default&#8221; background_color=&#8221;#3F3F3F&#8221; custom_padding=&#8221;80px||80px||true|false&#8221; custom_padding_tablet=&#8221;60px||60px||true|false&#8221; custom_padding_phone=&#8221;50px||50px||true|false&#8221; global_colors_info=&#8221;{}&#8221;][et_pb_row column_structure=&#8221;1_3,2_3&#8243; use_custom_gutter=&#8221;on&#8221; make_equal=&#8221;on&#8221; _builder_version=&#8221;4.27.4&#8243; _module_preset=&#8221;default&#8221; width=&#8221;90%&#8221; global_colors_info=&#8221;{}&#8221;][et_pb_column type=&#8221;1_3&#8243; _builder_version=&#8221;4.27.4&#8243; _module_preset=&#8221;default&#8221; global_colors_info=&#8221;{}&#8221;][et_pb_heading title=&#8221;Mellerud&#8221; _builder_version=&#8221;4.27.4&#8243; _module_preset=&#8221;default&#8221; title_level=&#8221;h2&#8243; title_font=&#8221;|600|||||||&#8221; title_text_color=&#8221;#FFFFFF&#8221; title_font_size=&#8221;33px&#8221; custom_margin=&#8221;||12px||false|false&#8221; global_colors_info=&#8221;{}&#8221;][\/et_pb_heading][et_pb_text _builder_version=&#8221;4.27.4&#8243; _module_preset=&#8221;default&#8221; text_text_color=&#8221;#FFFFFF&#8221; link_font=&#8221;|700|||||||&#8221; link_text_color=&#8221;#FFFFFF&#8221; global_colors_info=&#8221;{}&#8221;]<\/p>\n<p>In der Mitte des malerischen Dalsland liegt Mellerud. Hier finden Sie uns, Oscarssons Bil, aber Sie finden auch so viel mehr und wir m\u00f6chten Ihnen ein wenig mehr dar\u00fcber erz\u00e4hlen. <\/p>\n<p>Auf dieser Seite k\u00f6nnen Sie sich \u00fcber sehenswerte Orte in der N\u00e4he von uns und Mellerud informieren.<\/p>\n<p>Gute Informationen finden Sie auch unter: <a href=\"https:\/\/www.visitmellerud.com\/\" target=\"_blank\" rel=\"noopener\">visitmellerud.se<\/a><\/p>\n<p>[\/et_pb_text][\/et_pb_column][et_pb_column type=&#8221;2_3&#8243; _builder_version=&#8221;4.27.4&#8243; _module_preset=&#8221;default&#8221; global_colors_info=&#8221;{}&#8221;][et_pb_image src=&#8221;https:\/\/oscarssonsbil.se\/wp-content\/uploads\/2025\/01\/AdobeStock_1119143806-scaled.jpeg&#8221; title_text=&#8221;Sonnenuntergang in Vita Sandar, Schweden.&#8221; _builder_version=&#8221;4.27.4&#8243; _module_preset=&#8221;default&#8221; border_radii=&#8221;on|20px|20px|20px|20px&#8221; global_colors_info=&#8221;{}&#8221;][\/et_pb_image][\/et_pb_column][\/et_pb_row][\/et_pb_section][et_pb_section fb_built=&#8221;1&#8243; custom_padding_last_edited=&#8221;on|phone&#8221; _builder_version=&#8221;4.27.4&#8243; _module_preset=&#8221;default&#8221; background_color=&#8221;#333333&#8243; custom_padding=&#8221;80px||80px||true|false&#8221; custom_padding_tablet=&#8221;60px||60px||true|false&#8221; custom_padding_phone=&#8221;50px||50px||true|false&#8221; global_colors_info=&#8221;{}&#8221;][et_pb_row column_structure=&#8221;2_3,1_3&#8243; use_custom_gutter=&#8221;on&#8221; make_equal=&#8221;on&#8221; _builder_version=&#8221;4.27.4&#8243; _module_preset=&#8221;default&#8221; width=&#8221;90%&#8221; global_colors_info=&#8221;{}&#8221;][et_pb_column type=&#8221;2_3&#8243; _builder_version=&#8221;4.27.4&#8243; _module_preset=&#8221;default&#8221; global_colors_info=&#8221;{}&#8221;][et_pb_text _builder_version=&#8221;4.27.4&#8243; _module_preset=&#8221;default&#8221; link_font=&#8221;|700|||||||&#8221; link_text_color=&#8221;#FFFFFF&#8221; text_orientation=&#8221;justified&#8221; background_layout=&#8221;dark&#8221; global_colors_info=&#8221;{}&#8221;]<\/p>\n<h3><strong>Attraktives Mellerud<\/strong><\/h3>\n<p>Mellerud liegt auf halbem Weg zwischen G\u00f6teborg und Karlstad, mitten auf dem Land und grenzt im Osten an den V\u00e4nernsee. Die attraktive Lage hat Mellerud einen Platz unter den wichtigsten Touristenzielen Schwedens eingebracht. Der Dalsland-Kanal mit dem Aqu\u00e4dukt in H\u00e5verud ist ein beliebtes Ausflugsziel. Vita Sannar (Dalsland Riviera) mit seinem feinen Sandstrand und dem bekannten Campingplatz ist ein weiteres beliebtes Touristenziel. Nicht weit davon entfernt befindet sich der neue anerkannte sch\u00f6ne Golfplatz mit 18 + 9 L\u00f6chern sowie Sunnan\u00e5s sch\u00f6ner G\u00e4stehafen. Zurzeit werden sowohl privat als auch kommunal Wohnungen gebaut, um die hohe Nachfrage nach H\u00e4usern und Wohnungen zu befriedigen.     <\/p>\n<h3><strong>Ein reicheres Leben<\/strong><\/h3>\n<p>In Mellerud zu wohnen hat den Vorteil, auf dem Lande zu leben und trotzdem in der N\u00e4he der Gro\u00dfstadt zu sein, z.B. nur etwa 1 Stunde mit dem Zug nach G\u00f6teborg!<br \/>Mellerud liegt auf halbem Weg zwischen G\u00f6teborg und Karlstad und bietet eine sehr abwechslungsreiche und vielf\u00e4ltige Natur, vom sch\u00f6nen Sch\u00e4rengarten des V\u00e4nernsees und den Ebenen im S\u00fcdosten bis hin zu den Waldgebieten im Nordwesten. Der V\u00e4nernsee mit seinen sch\u00f6nen Sch\u00e4ren liegt nur wenige Kilometer vom Zentrum entfernt. Die sch\u00f6ne Natur in Kombination mit einem umfangreichen kulturellen Leben und guten Bildungsm\u00f6glichkeiten tragen zu einem reichhaltigen Leben bei.  <\/p>\n<h3><strong>Der Hafen von Sunnan\u00e5 &#8211; Eine Idylle im Aufbau!<\/strong><\/h3>\n<p>Nur 5 Minuten mit dem Fahrrad vom Zentrum von Mellerud entfernt liegt der Hafen von Sunnan\u00e5. Das Gebiet wurde vor kurzem erneuert und erweitert, u.a. mit einer Reihe von freistehenden Villen, etwa 100 Bootsh\u00e4usern an Land und einer Reihe von schwimmenden Bootsh\u00e4usern, einem neuen Servicegeb\u00e4ude, einer neuen Startrampe und neuen Stegen. Hier k\u00f6nnen Sie vom Rand des Stegs aus angeln und gleichzeitig den Blick \u00fcber die unber\u00fchrten Sch\u00e4ren von V\u00e4nern schweifen lassen. Hier gibt es kein Gedr\u00e4nge, Sie k\u00f6nnen ganz einfach Ihr eigenes kleines Pl\u00e4tzchen in einer ungest\u00f6rten Bucht oder auf einer sch\u00f6nen Sch\u00e4reninsel finden. Neben dem Hafen finden Sie den Sunnan\u00e5 Skeppskrog, wo Sie in einer gem\u00fctlichen und landschaftlich reizvollen Umgebung gutes Essen, Kaffee, Eis und vieles mehr genie\u00dfen k\u00f6nnen. Jeden Dienstagabend im Sommer von 18-21 Uhr findet hier auch ein sehr gut besuchtes Autotreffen mit Oldtimern, Motorr\u00e4dern und Mopeds statt, das einen Besuch wert ist!  <\/p>\n<p>Im Laufe der Jahre hat sich Sunnan\u00e5 zu einem wichtigen Zentrum f\u00fcr Schleppangelfischer entwickelt. Der Hafen von Sunnan\u00e5 erf\u00fcllte 2005 die Voraussetzungen f\u00fcr die Verleihung der blauen Flagge, was bedeutet, dass eine Reihe von Anforderungen in Bezug auf Management, Wasserqualit\u00e4t, Sicherheit, Service und Umweltinformationen erf\u00fcllt werden m\u00fcssen. Nur wenige Minuten entfernt befindet sich die sch\u00f6ne Anlage des Golfclubs Mellerud.  <\/p>\n<h3><strong>Vita Sannar &#8211; Die Riviera von Dalsland<\/strong><\/h3>\n<p>Hier finden Sie einen der sch\u00f6nsten Str\u00e4nde Schwedens. Gleich nebenan befindet sich Vita Sandars Camping, eine 4-Sterne-Anlage mit 250 Stellpl\u00e4tzen, die f\u00fcr jeden etwas zu bieten hat. Es gibt Abenteuergolf, ein beheiztes Schwimmbad und viele andere Aktivit\u00e4ten f\u00fcr Jung und Alt. <\/p>\n<h3><strong>Golfplatz &#8211; Dalsland Resort<\/strong><\/h3>\n<p>Ein Golfplatz, der inmitten einer fantastischen Anlage liegt. Sie finden hier 18 L\u00f6cher von sehr guter Uferqualit\u00e4t, au\u00dferdem gibt es sch\u00f6ne \u00dcbungspl\u00e4tze mit Driving Range und Putting Green. Hier k\u00f6nnen Sie sch\u00f6ne H\u00e4user in einer sehr attraktiven Umgebung kaufen oder mieten, au\u00dferdem gibt es ein sehr gutes Restaurant mit einem fantastischen Mittagsbuffet unter der Woche, das aber auch an den Wochenenden mit sch\u00f6nen Angeboten ge\u00f6ffnet ist! Demn\u00e4chst wird hier auch eine Padelhalle gebaut.  <\/p>\n<h3><strong>H\u00e5verud &#8211; Aqu\u00e4dukt und Dalsland-Kanal<\/strong><\/h3>\n<p>N\u00f6rdlich von Mellerud liegt H\u00e5verud, der Ort, an dem der Dalsland-Kanal oberirdisch unter einer Eisenbahn- und einer Stra\u00dfenbr\u00fccke flie\u00dft. Von hier aus gibt es mehrere Bootsausfl\u00fcge, die Sie entlang des Kanals nach oben bringen. Hier k\u00f6nnen Sie zelten, in der sch\u00f6nen Natur wandern oder einfach nur in verschiedenen Restaurants in angenehmer Umgebung ein gutes Essen genie\u00dfen.  <\/p>\n<p>Um mehr \u00fcber das Angebot von H\u00e5verud zu erfahren, besuchen Sie<span> <\/span><a href=\"http:\/\/www.thevisitor.se\/\" target=\"_blank\" rel=\"noopener\">www.thevisitor.se!<\/a><\/p>\n<h3><strong>Kroppefj\u00e4ll &#8211; Schwedens s\u00fcdlichster Berg<\/strong><\/h3>\n<p>Das Naturreservat und Erholungsgebiet umfasst sowohl Wanderwege als auch beleuchtete Skiloipen. Es gibt Aussichtspunkte, von denen aus Sie die sch\u00f6ne Natur von oben betrachten k\u00f6nnen. Kroppefj\u00e4ll ist mit seinem Kurhotel und der Jugendherberge auch als Erholungsgebiet bekannt geworden. <\/p>\n<h3><strong>Wirtschaft und Industrie<\/strong><\/h3>\n<p>Mellerud verf\u00fcgt \u00fcber eine Vielzahl von Unternehmen aus dem Produktions- und Dienstleistungssektor. Insgesamt gibt es in Mellerud etwa 700 Unternehmen, von denen die \u00fcberwiegende Mehrheit kleine Betriebe sind.<\/p>\n<p>Zu den wichtigsten Unternehmen in diesem Gebiet geh\u00f6ren Emballator Mellerud Plast AB, Daloc Skyddsrum AB, JOAB und Hellbergs D\u00f6rrar AB.<\/p>\n<p>Wir k\u00f6nnen Ihnen attraktive Grundst\u00fccke f\u00fcr Industrie und Gewerbe direkt an der Autobahn 45 mit einzigartiger Beschilderung anbieten, sowie fertige Grundst\u00fccke f\u00fcr den Villenbau in sehr attraktiver Lage ca. 2 km vom Stadtzentrum und ca. 5 Minuten Fu\u00dfweg zum Vita Sannars Camping- und Badeplatz, dem Golfplatz und dem Bootshafen von Sunnan\u00e5.<\/p>\n<h3><strong>Gewerbegebiet V\u00e4sterr\u00e5da<\/strong><\/h3>\n<p>Hier finden Sie eine Vielzahl von Unternehmen, darunter Oscarssons Bil AB, und das Gebiet wird st\u00e4ndig weiterentwickelt. Heute gibt es bis zu 30 Unternehmen mit verschiedenen Spezialisierungen, die sich etabliert haben oder dabei sind, sich zu etablieren, vom Auto- und Bootshandel \u00fcber den Werbedruck bis zum Baugewerbe. In den letzten Jahren wurde der Betrieb auch um ein Autotestzentrum, eine Tankstelle und einen Traktorverkauf erweitert. Jetzt gibt es auch neue Stra\u00dfen und Gewerbefl\u00e4chen in der Gegend, so dass Sie sich als Unternehmen problemlos etablieren k\u00f6nnen. Die Lage direkt an der E45 ist unschlagbar!<\/p>\n<h3><strong>Einkaufszentren<\/strong><\/h3>\n<p>Das erste Einkaufszentrum in Dalsland (Melleruds Handel) wurde im Oktober 2019 direkt neben unserer Immobilie im Handelsgebiet V\u00e4sterr\u00e5da er\u00f6ffnet. Neben einem brandneuen Coop Extra-Markt gibt es mehrere Restaurants, ein Caf\u00e9, eine Eisdiele, eine Apotheke, ein Einrichtungsgesch\u00e4ft, einen Friseur, ein Jagd- und Angelgesch\u00e4ft, ein Sportgesch\u00e4ft, ein Bekleidungsgesch\u00e4ft und einen riesigen S\u00fc\u00dfwarenladen&#8230;usw.<span> <\/span><a href=\"http:\/\/www.mellerudhandel.se\/\">www.mellerudhandel.se<\/a><\/p>\n<p>In Mellerud haben wir ein lebendiges Zentrum, in dem Sie die meisten Dinge finden, die Sie sich w\u00fcnschen k\u00f6nnen, in Form von Gesch\u00e4ften und Unternehmen mit einem hohen Serviceniveau, die bereit sind, Ihnen als Einwohner oder Besucher das Beste zu bieten!<\/p>\n<h3><strong>Wenn Sie mehr \u00fcber Mellerud erfahren m\u00f6chten, kontaktieren Sie uns:<\/strong><\/h3>\n<p>Ludvig Mossberg Stadtrat <a href=\"tel:053018107\">0530-181 07<\/a><\/p>\n<p>Bitte besuchen Sie die Website der Gemeinde:<span> <\/span><a href=\"http:\/\/www.mellerud.se\/\" target=\"_blank\" rel=\"noopener\">www.mellerud.se<\/a><\/p>\n<p>[\/et_pb_text][\/et_pb_column][et_pb_column type=&#8221;1_3&#8243; _builder_version=&#8221;4.27.4&#8243; _module_preset=&#8221;default&#8221; global_colors_info=&#8221;{}&#8221;][et_pb_image src=&#8221;https:\/\/oscarssonsbil.se\/wp-content\/uploads\/2025\/01\/sunnana2.jpg&#8221; title_text=&#8221;sunnana2&#8243; force_fullwidth=&#8221;on&#8221; _builder_version=&#8221;4.27.4&#8243; _module_preset=&#8221;default&#8221; custom_padding=&#8221;31px||||false|false&#8221; border_radii=&#8221;on|31px|31px|31px|31px&#8221; global_colors_info=&#8221;{}&#8221;][\/et_pb_image][et_pb_image src=&#8221;https:\/\/oscarssonsbil.se\/wp-content\/uploads\/2025\/01\/vitasannar.jpg&#8221; title_text=&#8221;vitasans&#8221; force_fullwidth=&#8221;on&#8221; _builder_version=&#8221;4.27.4&#8243; _module_preset=&#8221;default&#8221; border_radii=&#8221;on|31px|31px|31px|31px&#8221; global_colors_info=&#8221;{}&#8221;][\/et_pb_image][et_pb_image src=&#8221;https:\/\/oscarssonsbil.se\/wp-content\/uploads\/2025\/01\/vitasannar2.jpg&#8221; title_text=&#8221;vitasannar2&#8243; force_fullwidth=&#8221;on&#8221; _builder_version=&#8221;4.27.4&#8243; _module_preset=&#8221;default&#8221; border_radii=&#8221;on|31px|31px|31px|31px&#8221; global_colors_info=&#8221;{}&#8221;][\/et_pb_image][et_pb_image src=&#8221;https:\/\/oscarssonsbil.se\/wp-content\/uploads\/2025\/01\/golfen.jpg&#8221; title_text=&#8221;Golf spielen&#8221; force_fullwidth=&#8221;on&#8221; _builder_version=&#8221;4.27.4&#8243; _module_preset=&#8221;default&#8221; border_radii=&#8221;on|31px|31px|31px|31px&#8221; global_colors_info=&#8221;{}&#8221;][\/et_pb_image][et_pb_image src=&#8221;https:\/\/oscarssonsbil.se\/wp-content\/uploads\/2025\/01\/haverud.jpg&#8221; title_text=&#8221;Haferherde&#8221; force_fullwidth=&#8221;on&#8221; _builder_version=&#8221;4.27.4&#8243; _module_preset=&#8221;default&#8221; border_radii=&#8221;on|31px|31px|31px|31px&#8221; global_colors_info=&#8221;{}&#8221;][\/et_pb_image][et_pb_image src=&#8221;https:\/\/oscarssonsbil.se\/wp-content\/uploads\/2025\/01\/kopcentrum.jpg&#8221; title_text=&#8221;Kopfzentrum&#8221; force_fullwidth=&#8221;on&#8221; _builder_version=&#8221;4.27.4&#8243; _module_preset=&#8221;default&#8221; border_radii=&#8221;on|31px|31px|31px|31px&#8221; global_colors_info=&#8221;{}&#8221;][\/et_pb_image][\/et_pb_column][\/et_pb_row][\/et_pb_section]<\/p>\n","protected":false},"excerpt":{"rendered":"<p>In der Mitte des malerischen Dalsland liegt Mellerud. Hier finden Sie uns, Oscarssons Bil, aber Sie finden auch so viel mehr und wir m\u00f6chten Ihnen ein wenig mehr dar\u00fcber erz\u00e4hlen. Auf dieser Seite k\u00f6nnen Sie sich \u00fcber sehenswerte Orte in der N\u00e4he von uns und Mellerud informieren. Gute Informationen finden Sie auch unter: visitmellerud.seAttraktives Mellerud [&hellip;]<\/p>\n","protected":false},"author":1,"featured_media":278777,"parent":0,"menu_order":0,"comment_status":"closed","ping_status":"closed","template":"","meta":{"_acf_changed":false,"_et_pb_use_builder":"on","_et_pb_old_content":"","_et_gb_content_width":"","footnotes":""},"class_list":["post-293508","page","type-page","status-publish","has-post-thumbnail","hentry"],"acf":[],"yoast_head":"<!-- This site is optimized with the Yoast SEO plugin v25.7 - https:\/\/yoast.com\/wordpress\/plugins\/seo\/ -->\n<title>Mellerud - Oscarssons Bilhandel i Mellerud AB<\/title>\n<meta name=\"robots\" content=\"index, follow, max-snippet:-1, max-image-preview:large, max-video-preview:-1\" \/>\n<link rel=\"canonical\" href=\"https:\/\/oscarssonsbil.se\/de\/mellerud\/\" \/>\n<meta property=\"og:locale\" content=\"de_DE\" \/>\n<meta property=\"og:type\" content=\"article\" \/>\n<meta property=\"og:title\" content=\"Mellerud - Oscarssons Bilhandel i Mellerud AB\" \/>\n<meta property=\"og:description\" content=\"In der Mitte des malerischen Dalsland liegt Mellerud. Hier finden Sie uns, Oscarssons Bil, aber Sie finden auch so viel mehr und wir m\u00f6chten Ihnen ein wenig mehr dar\u00fcber erz\u00e4hlen. Auf dieser Seite k\u00f6nnen Sie sich \u00fcber sehenswerte Orte in der N\u00e4he von uns und Mellerud informieren. Gute Informationen finden Sie auch unter: visitmellerud.seAttraktives Mellerud [&hellip;]\" \/>\n<meta property=\"og:url\" content=\"https:\/\/oscarssonsbil.se\/de\/mellerud\/\" \/>\n<meta property=\"og:site_name\" content=\"Oscarssons Bilhandel i Mellerud AB\" \/>\n<meta property=\"article:publisher\" content=\"https:\/\/www.facebook.com\/OscarssonsBil\" \/>\n<meta property=\"article:modified_time\" content=\"2025-06-17T11:46:50+00:00\" \/>\n<meta property=\"og:image\" content=\"https:\/\/oscarssonsbil.se\/wp-content\/uploads\/2025\/01\/AdobeStock_329505129-scaled.jpeg\" \/>\n\t<meta property=\"og:image:width\" content=\"2560\" \/>\n\t<meta property=\"og:image:height\" content=\"1707\" \/>\n\t<meta property=\"og:image:type\" content=\"image\/jpeg\" \/>\n<meta name=\"twitter:card\" content=\"summary_large_image\" \/>\n<meta name=\"twitter:label1\" content=\"Gesch\u00e4tzte Lesezeit\" \/>\n\t<meta name=\"twitter:data1\" content=\"9\u00a0Minuten\" \/>\n<script type=\"application\/ld+json\" class=\"yoast-schema-graph\">{\"@context\":\"https:\/\/schema.org\",\"@graph\":[{\"@type\":\"WebPage\",\"@id\":\"https:\/\/oscarssonsbil.se\/de\/mellerud\/\",\"url\":\"https:\/\/oscarssonsbil.se\/de\/mellerud\/\",\"name\":\"Mellerud - Oscarssons Bilhandel i Mellerud AB\",\"isPartOf\":{\"@id\":\"https:\/\/oscarssonsbil.se\/de\/#website\"},\"primaryImageOfPage\":{\"@id\":\"https:\/\/oscarssonsbil.se\/de\/mellerud\/#primaryimage\"},\"image\":{\"@id\":\"https:\/\/oscarssonsbil.se\/de\/mellerud\/#primaryimage\"},\"thumbnailUrl\":\"https:\/\/oscarssonsbil.se\/wp-content\/uploads\/2025\/01\/AdobeStock_329505129-scaled.jpeg\",\"datePublished\":\"2024-12-23T05:58:38+00:00\",\"dateModified\":\"2025-06-17T11:46:50+00:00\",\"breadcrumb\":{\"@id\":\"https:\/\/oscarssonsbil.se\/de\/mellerud\/#breadcrumb\"},\"inLanguage\":\"de\",\"potentialAction\":[{\"@type\":\"ReadAction\",\"target\":[\"https:\/\/oscarssonsbil.se\/de\/mellerud\/\"]}]},{\"@type\":\"ImageObject\",\"inLanguage\":\"de\",\"@id\":\"https:\/\/oscarssonsbil.se\/de\/mellerud\/#primaryimage\",\"url\":\"https:\/\/oscarssonsbil.se\/wp-content\/uploads\/2025\/01\/AdobeStock_329505129-scaled.jpeg\",\"contentUrl\":\"https:\/\/oscarssonsbil.se\/wp-content\/uploads\/2025\/01\/AdobeStock_329505129-scaled.jpeg\",\"width\":2560,\"height\":1707,\"caption\":\"Sunset over sea cottages and waterfront, Mellerud, Sweden, Europe\"},{\"@type\":\"BreadcrumbList\",\"@id\":\"https:\/\/oscarssonsbil.se\/de\/mellerud\/#breadcrumb\",\"itemListElement\":[{\"@type\":\"ListItem\",\"position\":1,\"name\":\"Hem\",\"item\":\"https:\/\/oscarssonsbil.se\/de\/\"},{\"@type\":\"ListItem\",\"position\":2,\"name\":\"Mellerud\"}]},{\"@type\":\"WebSite\",\"@id\":\"https:\/\/oscarssonsbil.se\/de\/#website\",\"url\":\"https:\/\/oscarssonsbil.se\/de\/\",\"name\":\"Oscarssons Bilhandel i Mellerud AB\",\"description\":\"\",\"publisher\":{\"@id\":\"https:\/\/oscarssonsbil.se\/de\/#organization\"},\"potentialAction\":[{\"@type\":\"SearchAction\",\"target\":{\"@type\":\"EntryPoint\",\"urlTemplate\":\"https:\/\/oscarssonsbil.se\/de\/?s={search_term_string}\"},\"query-input\":{\"@type\":\"PropertyValueSpecification\",\"valueRequired\":true,\"valueName\":\"search_term_string\"}}],\"inLanguage\":\"de\"},{\"@type\":\"Organization\",\"@id\":\"https:\/\/oscarssonsbil.se\/de\/#organization\",\"name\":\"Oscarssons Bilhandel i Mellerud AB\",\"url\":\"https:\/\/oscarssonsbil.se\/de\/\",\"logo\":{\"@type\":\"ImageObject\",\"inLanguage\":\"de\",\"@id\":\"https:\/\/oscarssonsbil.se\/de\/#\/schema\/logo\/image\/\",\"url\":\"https:\/\/oscarssonsbil.se\/wp-content\/uploads\/2025\/02\/logo-no-nr.png\",\"contentUrl\":\"https:\/\/oscarssonsbil.se\/wp-content\/uploads\/2025\/02\/logo-no-nr.png\",\"width\":2316,\"height\":484,\"caption\":\"Oscarssons Bilhandel i Mellerud AB\"},\"image\":{\"@id\":\"https:\/\/oscarssonsbil.se\/de\/#\/schema\/logo\/image\/\"},\"sameAs\":[\"https:\/\/www.facebook.com\/OscarssonsBil\"]}]}<\/script>\n<!-- \/ Yoast SEO plugin. -->","yoast_head_json":{"title":"Mellerud - Oscarssons Bilhandel i Mellerud AB","robots":{"index":"index","follow":"follow","max-snippet":"max-snippet:-1","max-image-preview":"max-image-preview:large","max-video-preview":"max-video-preview:-1"},"canonical":"https:\/\/oscarssonsbil.se\/de\/mellerud\/","og_locale":"de_DE","og_type":"article","og_title":"Mellerud - Oscarssons Bilhandel i Mellerud AB","og_description":"In der Mitte des malerischen Dalsland liegt Mellerud. Hier finden Sie uns, Oscarssons Bil, aber Sie finden auch so viel mehr und wir m\u00f6chten Ihnen ein wenig mehr dar\u00fcber erz\u00e4hlen. Auf dieser Seite k\u00f6nnen Sie sich \u00fcber sehenswerte Orte in der N\u00e4he von uns und Mellerud informieren. Gute Informationen finden Sie auch unter: visitmellerud.seAttraktives Mellerud [&hellip;]","og_url":"https:\/\/oscarssonsbil.se\/de\/mellerud\/","og_site_name":"Oscarssons Bilhandel i Mellerud AB","article_publisher":"https:\/\/www.facebook.com\/OscarssonsBil","article_modified_time":"2025-06-17T11:46:50+00:00","og_image":[{"width":2560,"height":1707,"url":"https:\/\/oscarssonsbil.se\/wp-content\/uploads\/2025\/01\/AdobeStock_329505129-scaled.jpeg","type":"image\/jpeg"}],"twitter_card":"summary_large_image","twitter_misc":{"Gesch\u00e4tzte Lesezeit":"9\u00a0Minuten"},"schema":{"@context":"https:\/\/schema.org","@graph":[{"@type":"WebPage","@id":"https:\/\/oscarssonsbil.se\/de\/mellerud\/","url":"https:\/\/oscarssonsbil.se\/de\/mellerud\/","name":"Mellerud - Oscarssons Bilhandel i Mellerud AB","isPartOf":{"@id":"https:\/\/oscarssonsbil.se\/de\/#website"},"primaryImageOfPage":{"@id":"https:\/\/oscarssonsbil.se\/de\/mellerud\/#primaryimage"},"image":{"@id":"https:\/\/oscarssonsbil.se\/de\/mellerud\/#primaryimage"},"thumbnailUrl":"https:\/\/oscarssonsbil.se\/wp-content\/uploads\/2025\/01\/AdobeStock_329505129-scaled.jpeg","datePublished":"2024-12-23T05:58:38+00:00","dateModified":"2025-06-17T11:46:50+00:00","breadcrumb":{"@id":"https:\/\/oscarssonsbil.se\/de\/mellerud\/#breadcrumb"},"inLanguage":"de","potentialAction":[{"@type":"ReadAction","target":["https:\/\/oscarssonsbil.se\/de\/mellerud\/"]}]},{"@type":"ImageObject","inLanguage":"de","@id":"https:\/\/oscarssonsbil.se\/de\/mellerud\/#primaryimage","url":"https:\/\/oscarssonsbil.se\/wp-content\/uploads\/2025\/01\/AdobeStock_329505129-scaled.jpeg","contentUrl":"https:\/\/oscarssonsbil.se\/wp-content\/uploads\/2025\/01\/AdobeStock_329505129-scaled.jpeg","width":2560,"height":1707,"caption":"Sunset over sea cottages and waterfront, Mellerud, Sweden, Europe"},{"@type":"BreadcrumbList","@id":"https:\/\/oscarssonsbil.se\/de\/mellerud\/#breadcrumb","itemListElement":[{"@type":"ListItem","position":1,"name":"Hem","item":"https:\/\/oscarssonsbil.se\/de\/"},{"@type":"ListItem","position":2,"name":"Mellerud"}]},{"@type":"WebSite","@id":"https:\/\/oscarssonsbil.se\/de\/#website","url":"https:\/\/oscarssonsbil.se\/de\/","name":"Oscarssons Bilhandel i Mellerud AB","description":"","publisher":{"@id":"https:\/\/oscarssonsbil.se\/de\/#organization"},"potentialAction":[{"@type":"SearchAction","target":{"@type":"EntryPoint","urlTemplate":"https:\/\/oscarssonsbil.se\/de\/?s={search_term_string}"},"query-input":{"@type":"PropertyValueSpecification","valueRequired":true,"valueName":"search_term_string"}}],"inLanguage":"de"},{"@type":"Organization","@id":"https:\/\/oscarssonsbil.se\/de\/#organization","name":"Oscarssons Bilhandel i Mellerud AB","url":"https:\/\/oscarssonsbil.se\/de\/","logo":{"@type":"ImageObject","inLanguage":"de","@id":"https:\/\/oscarssonsbil.se\/de\/#\/schema\/logo\/image\/","url":"https:\/\/oscarssonsbil.se\/wp-content\/uploads\/2025\/02\/logo-no-nr.png","contentUrl":"https:\/\/oscarssonsbil.se\/wp-content\/uploads\/2025\/02\/logo-no-nr.png","width":2316,"height":484,"caption":"Oscarssons Bilhandel i Mellerud AB"},"image":{"@id":"https:\/\/oscarssonsbil.se\/de\/#\/schema\/logo\/image\/"},"sameAs":["https:\/\/www.facebook.com\/OscarssonsBil"]}]}},"_links":{"self":[{"href":"https:\/\/oscarssonsbil.se\/de\/wp-json\/wp\/v2\/pages\/293508","targetHints":{"allow":["GET"]}}],"collection":[{"href":"https:\/\/oscarssonsbil.se\/de\/wp-json\/wp\/v2\/pages"}],"about":[{"href":"https:\/\/oscarssonsbil.se\/de\/wp-json\/wp\/v2\/types\/page"}],"author":[{"embeddable":true,"href":"https:\/\/oscarssonsbil.se\/de\/wp-json\/wp\/v2\/users\/1"}],"replies":[{"embeddable":true,"href":"https:\/\/oscarssonsbil.se\/de\/wp-json\/wp\/v2\/comments?post=293508"}],"version-history":[{"count":1,"href":"https:\/\/oscarssonsbil.se\/de\/wp-json\/wp\/v2\/pages\/293508\/revisions"}],"predecessor-version":[{"id":293511,"href":"https:\/\/oscarssonsbil.se\/de\/wp-json\/wp\/v2\/pages\/293508\/revisions\/293511"}],"wp:featuredmedia":[{"embeddable":true,"href":"https:\/\/oscarssonsbil.se\/de\/wp-json\/wp\/v2\/media\/278777"}],"wp:attachment":[{"href":"https:\/\/oscarssonsbil.se\/de\/wp-json\/wp\/v2\/media?parent=293508"}],"curies":[{"name":"wp","href":"https:\/\/api.w.org\/{rel}","templated":true}]}}