{"id":293477,"date":"2025-01-27T10:02:12","date_gmt":"2025-01-27T09:02:12","guid":{"rendered":"https:\/\/oscarssonsbil.se\/intermediation\/"},"modified":"2025-06-17T13:46:50","modified_gmt":"2025-06-17T11:46:50","slug":"intermediation","status":"publish","type":"page","link":"https:\/\/oscarssonsbil.se\/de\/intermediation\/","title":{"rendered":"Intermediation"},"content":{"rendered":"<p>[et_pb_section fb_built=&#8221;1&#8243; custom_padding_last_edited=&#8221;on|phone&#8221; _builder_version=&#8221;4.27.4&#8243; _dynamic_attributes=&#8221;background_image&#8221; _module_preset=&#8221;default&#8221; background_enable_color=&#8221;off&#8221; use_background_color_gradient=&#8221;on&#8221; background_color_gradient_stops=&#8221;rgba(0,0,0,0.17) 0%|rgba(36,36,36,0.6) 100%&#8221; background_color_gradient_overlays_image=&#8221;on&#8221; background_image=&#8221;@ET-DC@eyJkeW5hbWljIjp0cnVlLCJjb250ZW50IjoicG9zdF9mZWF0dXJlZF9pbWFnZSIsInNldHRpbmdzIjp7fX0=@&#8221; custom_margin=&#8221;||||false|false&#8221; custom_padding=&#8221;250px||180px||false|false&#8221; custom_padding_tablet=&#8221;150px||90px||false|false&#8221; custom_padding_phone=&#8221;150px||90px||false|false&#8221; global_colors_info=&#8221;{}&#8221;][et_pb_row _builder_version=&#8221;4.24.0&#8243; _module_preset=&#8221;default&#8221; custom_padding=&#8221;10px||0px||false|false&#8221; global_colors_info=&#8221;{}&#8221;][et_pb_column type=&#8221;4_4&#8243; _builder_version=&#8221;4.23.1&#8243; _module_preset=&#8221;default&#8221; global_colors_info=&#8221;{}&#8221;][et_pb_text _builder_version=&#8221;4.27.4&#8243; _dynamic_attributes=&#8221;content&#8221; _module_preset=&#8221;default&#8221; header_font=&#8221;|700||on|||||&#8221; header_text_align=&#8221;center&#8221; header_text_color=&#8221;#FFFFFF&#8221; header_font_size=&#8221;40px&#8221; header_font_size_tablet=&#8221;33px&#8221; header_font_size_phone=&#8221;30px&#8221; header_font_size_last_edited=&#8221;on|tablet&#8221; header_text_shadow_style=&#8221;preset5&#8243; header_text_shadow_horizontal_length=&#8221;-0.06em&#8221; header_text_shadow_vertical_length=&#8221;-0.08em&#8221; header_text_shadow_blur_strength=&#8221;1px&#8221; header_text_shadow_color=&#8221;#000000&#8243; global_colors_info=&#8221;{}&#8221;]@ET-DC@eyJkeW5hbWljIjp0cnVlLCJjb250ZW50IjoicG9zdF90aXRsZSIsInNldHRpbmdzIjp7ImJlZm9yZSI6IjxoMT4iLCJhZnRlciI6IjxcL2gxPiJ9fQ==@[\/et_pb_text][\/et_pb_column][\/et_pb_row][\/et_pb_section][et_pb_section fb_built=&#8221;1&#8243; custom_padding_last_edited=&#8221;on|phone&#8221; _builder_version=&#8221;4.27.4&#8243; _module_preset=&#8221;default&#8221; background_color=&#8221;#3F3F3F&#8221; custom_padding=&#8221;80px||80px||true|false&#8221; custom_padding_tablet=&#8221;60px||60px||true|false&#8221; custom_padding_phone=&#8221;50px||50px||true|false&#8221; global_colors_info=&#8221;{}&#8221;][et_pb_row column_structure=&#8221;2_5,3_5&#8243; use_custom_gutter=&#8221;on&#8221; make_equal=&#8221;on&#8221; _builder_version=&#8221;4.27.4&#8243; _module_preset=&#8221;default&#8221; width=&#8221;90%&#8221; custom_margin=&#8221;-16px|auto||auto||&#8221; global_colors_info=&#8221;{}&#8221;][et_pb_column type=&#8221;2_5&#8243; _builder_version=&#8221;4.27.4&#8243; _module_preset=&#8221;default&#8221; global_colors_info=&#8221;{}&#8221;][et_pb_heading title=&#8221;Einfacher und sicherer Autoverkauf &#8211; wir k\u00fcmmern uns um alles!&#8221; _builder_version=&#8221;4.27.4&#8243; _module_preset=&#8221;default&#8221; title_level=&#8221;h2&#8243; title_font=&#8221;|600|||||||&#8221; title_text_color=&#8221;#FFFFFF&#8221; title_font_size=&#8221;33px&#8221; width=&#8221;100%&#8221; custom_margin=&#8221;|0px|-5px||false|false&#8221; custom_padding=&#8221;|0px||||&#8221; global_colors_info=&#8221;{}&#8221;][\/et_pb_heading][et_pb_text _builder_version=&#8221;4.27.4&#8243; _module_preset=&#8221;default&#8221; text_text_color=&#8221;#FFFFFF&#8221; text_font_size=&#8221;15px&#8221; text_line_height=&#8221;1.4em&#8221; text_orientation=&#8221;justified&#8221; custom_margin=&#8221;|0px|||false|false&#8221; global_colors_info=&#8221;{}&#8221;]<\/p>\n<p>Ein Auto zu verkaufen kann schwierig sein, aber wir machen den Prozess einfach und sicher. \u00dcberlassen Sie uns Ihren Klassiker &#8211; wir k\u00fcmmern uns um alles! Gemeinsam werden wir einen Preis aushandeln, mit dem Sie zufrieden sind. Dann machen wir das Auto durch Aufkl\u00e4rung, Fotografie und Werbung auf Plattformen wie <strong>Blocket<\/strong>, <strong>Byt Bil<\/strong> und internationalen Kan\u00e4len verkaufsfertig.<\/p>\n<p>Wir k\u00fcmmern uns um alle Anfragen, Anrufe und Besichtigungen, und Ihr Auto ist in unseren alarmgesicherten R\u00e4umlichkeiten sicher untergebracht. Wenn der schwedische Markt nicht ausreicht, arbeiten wir international weiter, um den richtigen K\u00e4ufer zu finden.<\/p>\n<p>Wir k\u00fcmmern uns um den gesamten Prozess: Verhandlungen, Zahlungen, Papierkram und Transport. Und das ist bei uns der Fall &#8211; Sie erhalten den vereinbarten Betrag immer auf Ihr Konto, bevor das Auto uns verl\u00e4sst.<\/p>\n<p><strong>HINWEIS:<\/strong> Bei uns zahlen Sie nichts, wenn wir Ihr Auto nicht verkaufen k\u00f6nnen! Es fallen keine Teilnahmegeb\u00fchren, Raummieten oder Werbekosten an. Mit unserer Erfahrung und unserem breiten Netzwerk k\u00f6nnen Sie sich eines guten Ergebnisses sicher sein.<\/p>\n<p>M\u00f6chten Sie mehr erfahren? Kontaktieren Sie uns &#8211; wir freuen uns darauf, Ihnen zu helfen!<\/p>\n<p>[\/et_pb_text][\/et_pb_column][et_pb_column type=&#8221;3_5&#8243; _builder_version=&#8221;4.27.4&#8243; _module_preset=&#8221;default&#8221; global_colors_info=&#8221;{}&#8221;][et_pb_image src=&#8221;https:\/\/oscarssonsbil.se\/wp-content\/uploads\/2025\/01\/AdobeStock_307736334-scaled.jpeg&#8221; title_text=&#8221;FOR SALE rotes Schild auf klassischem Oldtimer&#8221; _builder_version=&#8221;4.27.4&#8243; _module_preset=&#8221;default&#8221; border_radii=&#8221;on|20px|20px|20px|20px&#8221; global_colors_info=&#8221;{}&#8221;][\/et_pb_image][\/et_pb_column][\/et_pb_row][\/et_pb_section]<\/p>\n","protected":false},"excerpt":{"rendered":"<p>Ein Auto zu verkaufen kann schwierig sein, aber wir machen den Prozess einfach und sicher. \u00dcberlassen Sie uns Ihren Klassiker &#8211; wir k\u00fcmmern uns um alles! Gemeinsam werden wir einen Preis aushandeln, mit dem Sie zufrieden sind. Dann machen wir das Auto durch Aufkl\u00e4rung, Fotografie und Werbung auf Plattformen wie Blocket, Byt Bil und internationalen [&hellip;]<\/p>\n","protected":false},"author":1,"featured_media":292189,"parent":0,"menu_order":0,"comment_status":"closed","ping_status":"closed","template":"","meta":{"_acf_changed":false,"_et_pb_use_builder":"on","_et_pb_old_content":"","_et_gb_content_width":"","footnotes":""},"class_list":["post-293477","page","type-page","status-publish","has-post-thumbnail","hentry"],"acf":[],"yoast_head":"<!-- This site is optimized with the Yoast SEO plugin v25.7 - https:\/\/yoast.com\/wordpress\/plugins\/seo\/ -->\n<title>Intermediation - Oscarssons Bilhandel i Mellerud AB<\/title>\n<meta name=\"robots\" content=\"index, follow, max-snippet:-1, max-image-preview:large, max-video-preview:-1\" \/>\n<link rel=\"canonical\" href=\"https:\/\/oscarssonsbil.se\/de\/intermediation\/\" \/>\n<meta property=\"og:locale\" content=\"de_DE\" \/>\n<meta property=\"og:type\" content=\"article\" \/>\n<meta property=\"og:title\" content=\"Intermediation - Oscarssons Bilhandel i Mellerud AB\" \/>\n<meta property=\"og:description\" content=\"Ein Auto zu verkaufen kann schwierig sein, aber wir machen den Prozess einfach und sicher. \u00dcberlassen Sie uns Ihren Klassiker - wir k\u00fcmmern uns um alles! Gemeinsam werden wir einen Preis aushandeln, mit dem Sie zufrieden sind. Dann machen wir das Auto durch Aufkl\u00e4rung, Fotografie und Werbung auf Plattformen wie Blocket, Byt Bil und internationalen [&hellip;]\" \/>\n<meta property=\"og:url\" content=\"https:\/\/oscarssonsbil.se\/de\/intermediation\/\" \/>\n<meta property=\"og:site_name\" content=\"Oscarssons Bilhandel i Mellerud AB\" \/>\n<meta property=\"article:publisher\" content=\"https:\/\/www.facebook.com\/OscarssonsBil\" \/>\n<meta property=\"article:modified_time\" content=\"2025-06-17T11:46:50+00:00\" \/>\n<meta property=\"og:image\" content=\"https:\/\/oscarssonsbil.se\/wp-content\/uploads\/2025\/06\/IMG_2414-scaled.jpg\" \/>\n\t<meta property=\"og:image:width\" content=\"2560\" \/>\n\t<meta property=\"og:image:height\" content=\"1920\" \/>\n\t<meta property=\"og:image:type\" content=\"image\/jpeg\" \/>\n<meta name=\"twitter:card\" content=\"summary_large_image\" \/>\n<meta name=\"twitter:label1\" content=\"Gesch\u00e4tzte Lesezeit\" \/>\n\t<meta name=\"twitter:data1\" content=\"3\u00a0Minuten\" \/>\n<script type=\"application\/ld+json\" class=\"yoast-schema-graph\">{\"@context\":\"https:\/\/schema.org\",\"@graph\":[{\"@type\":\"WebPage\",\"@id\":\"https:\/\/oscarssonsbil.se\/de\/intermediation\/\",\"url\":\"https:\/\/oscarssonsbil.se\/de\/intermediation\/\",\"name\":\"Intermediation - Oscarssons Bilhandel i Mellerud AB\",\"isPartOf\":{\"@id\":\"https:\/\/oscarssonsbil.se\/de\/#website\"},\"primaryImageOfPage\":{\"@id\":\"https:\/\/oscarssonsbil.se\/de\/intermediation\/#primaryimage\"},\"image\":{\"@id\":\"https:\/\/oscarssonsbil.se\/de\/intermediation\/#primaryimage\"},\"thumbnailUrl\":\"https:\/\/oscarssonsbil.se\/wp-content\/uploads\/2025\/06\/IMG_2414-scaled.jpg\",\"datePublished\":\"2025-01-27T09:02:12+00:00\",\"dateModified\":\"2025-06-17T11:46:50+00:00\",\"breadcrumb\":{\"@id\":\"https:\/\/oscarssonsbil.se\/de\/intermediation\/#breadcrumb\"},\"inLanguage\":\"de\",\"potentialAction\":[{\"@type\":\"ReadAction\",\"target\":[\"https:\/\/oscarssonsbil.se\/de\/intermediation\/\"]}]},{\"@type\":\"ImageObject\",\"inLanguage\":\"de\",\"@id\":\"https:\/\/oscarssonsbil.se\/de\/intermediation\/#primaryimage\",\"url\":\"https:\/\/oscarssonsbil.se\/wp-content\/uploads\/2025\/06\/IMG_2414-scaled.jpg\",\"contentUrl\":\"https:\/\/oscarssonsbil.se\/wp-content\/uploads\/2025\/06\/IMG_2414-scaled.jpg\",\"width\":2560,\"height\":1920},{\"@type\":\"BreadcrumbList\",\"@id\":\"https:\/\/oscarssonsbil.se\/de\/intermediation\/#breadcrumb\",\"itemListElement\":[{\"@type\":\"ListItem\",\"position\":1,\"name\":\"Hem\",\"item\":\"https:\/\/oscarssonsbil.se\/de\/\"},{\"@type\":\"ListItem\",\"position\":2,\"name\":\"Intermediation\"}]},{\"@type\":\"WebSite\",\"@id\":\"https:\/\/oscarssonsbil.se\/de\/#website\",\"url\":\"https:\/\/oscarssonsbil.se\/de\/\",\"name\":\"Oscarssons Bilhandel i Mellerud AB\",\"description\":\"\",\"publisher\":{\"@id\":\"https:\/\/oscarssonsbil.se\/de\/#organization\"},\"potentialAction\":[{\"@type\":\"SearchAction\",\"target\":{\"@type\":\"EntryPoint\",\"urlTemplate\":\"https:\/\/oscarssonsbil.se\/de\/?s={search_term_string}\"},\"query-input\":{\"@type\":\"PropertyValueSpecification\",\"valueRequired\":true,\"valueName\":\"search_term_string\"}}],\"inLanguage\":\"de\"},{\"@type\":\"Organization\",\"@id\":\"https:\/\/oscarssonsbil.se\/de\/#organization\",\"name\":\"Oscarssons Bilhandel i Mellerud AB\",\"url\":\"https:\/\/oscarssonsbil.se\/de\/\",\"logo\":{\"@type\":\"ImageObject\",\"inLanguage\":\"de\",\"@id\":\"https:\/\/oscarssonsbil.se\/de\/#\/schema\/logo\/image\/\",\"url\":\"https:\/\/oscarssonsbil.se\/wp-content\/uploads\/2025\/02\/logo-no-nr.png\",\"contentUrl\":\"https:\/\/oscarssonsbil.se\/wp-content\/uploads\/2025\/02\/logo-no-nr.png\",\"width\":2316,\"height\":484,\"caption\":\"Oscarssons Bilhandel i Mellerud AB\"},\"image\":{\"@id\":\"https:\/\/oscarssonsbil.se\/de\/#\/schema\/logo\/image\/\"},\"sameAs\":[\"https:\/\/www.facebook.com\/OscarssonsBil\"]}]}<\/script>\n<!-- \/ Yoast SEO plugin. -->","yoast_head_json":{"title":"Intermediation - Oscarssons Bilhandel i Mellerud AB","robots":{"index":"index","follow":"follow","max-snippet":"max-snippet:-1","max-image-preview":"max-image-preview:large","max-video-preview":"max-video-preview:-1"},"canonical":"https:\/\/oscarssonsbil.se\/de\/intermediation\/","og_locale":"de_DE","og_type":"article","og_title":"Intermediation - Oscarssons Bilhandel i Mellerud AB","og_description":"Ein Auto zu verkaufen kann schwierig sein, aber wir machen den Prozess einfach und sicher. \u00dcberlassen Sie uns Ihren Klassiker - wir k\u00fcmmern uns um alles! Gemeinsam werden wir einen Preis aushandeln, mit dem Sie zufrieden sind. Dann machen wir das Auto durch Aufkl\u00e4rung, Fotografie und Werbung auf Plattformen wie Blocket, Byt Bil und internationalen [&hellip;]","og_url":"https:\/\/oscarssonsbil.se\/de\/intermediation\/","og_site_name":"Oscarssons Bilhandel i Mellerud AB","article_publisher":"https:\/\/www.facebook.com\/OscarssonsBil","article_modified_time":"2025-06-17T11:46:50+00:00","og_image":[{"width":2560,"height":1920,"url":"https:\/\/oscarssonsbil.se\/wp-content\/uploads\/2025\/06\/IMG_2414-scaled.jpg","type":"image\/jpeg"}],"twitter_card":"summary_large_image","twitter_misc":{"Gesch\u00e4tzte Lesezeit":"3\u00a0Minuten"},"schema":{"@context":"https:\/\/schema.org","@graph":[{"@type":"WebPage","@id":"https:\/\/oscarssonsbil.se\/de\/intermediation\/","url":"https:\/\/oscarssonsbil.se\/de\/intermediation\/","name":"Intermediation - Oscarssons Bilhandel i Mellerud AB","isPartOf":{"@id":"https:\/\/oscarssonsbil.se\/de\/#website"},"primaryImageOfPage":{"@id":"https:\/\/oscarssonsbil.se\/de\/intermediation\/#primaryimage"},"image":{"@id":"https:\/\/oscarssonsbil.se\/de\/intermediation\/#primaryimage"},"thumbnailUrl":"https:\/\/oscarssonsbil.se\/wp-content\/uploads\/2025\/06\/IMG_2414-scaled.jpg","datePublished":"2025-01-27T09:02:12+00:00","dateModified":"2025-06-17T11:46:50+00:00","breadcrumb":{"@id":"https:\/\/oscarssonsbil.se\/de\/intermediation\/#breadcrumb"},"inLanguage":"de","potentialAction":[{"@type":"ReadAction","target":["https:\/\/oscarssonsbil.se\/de\/intermediation\/"]}]},{"@type":"ImageObject","inLanguage":"de","@id":"https:\/\/oscarssonsbil.se\/de\/intermediation\/#primaryimage","url":"https:\/\/oscarssonsbil.se\/wp-content\/uploads\/2025\/06\/IMG_2414-scaled.jpg","contentUrl":"https:\/\/oscarssonsbil.se\/wp-content\/uploads\/2025\/06\/IMG_2414-scaled.jpg","width":2560,"height":1920},{"@type":"BreadcrumbList","@id":"https:\/\/oscarssonsbil.se\/de\/intermediation\/#breadcrumb","itemListElement":[{"@type":"ListItem","position":1,"name":"Hem","item":"https:\/\/oscarssonsbil.se\/de\/"},{"@type":"ListItem","position":2,"name":"Intermediation"}]},{"@type":"WebSite","@id":"https:\/\/oscarssonsbil.se\/de\/#website","url":"https:\/\/oscarssonsbil.se\/de\/","name":"Oscarssons Bilhandel i Mellerud AB","description":"","publisher":{"@id":"https:\/\/oscarssonsbil.se\/de\/#organization"},"potentialAction":[{"@type":"SearchAction","target":{"@type":"EntryPoint","urlTemplate":"https:\/\/oscarssonsbil.se\/de\/?s={search_term_string}"},"query-input":{"@type":"PropertyValueSpecification","valueRequired":true,"valueName":"search_term_string"}}],"inLanguage":"de"},{"@type":"Organization","@id":"https:\/\/oscarssonsbil.se\/de\/#organization","name":"Oscarssons Bilhandel i Mellerud AB","url":"https:\/\/oscarssonsbil.se\/de\/","logo":{"@type":"ImageObject","inLanguage":"de","@id":"https:\/\/oscarssonsbil.se\/de\/#\/schema\/logo\/image\/","url":"https:\/\/oscarssonsbil.se\/wp-content\/uploads\/2025\/02\/logo-no-nr.png","contentUrl":"https:\/\/oscarssonsbil.se\/wp-content\/uploads\/2025\/02\/logo-no-nr.png","width":2316,"height":484,"caption":"Oscarssons Bilhandel i Mellerud AB"},"image":{"@id":"https:\/\/oscarssonsbil.se\/de\/#\/schema\/logo\/image\/"},"sameAs":["https:\/\/www.facebook.com\/OscarssonsBil"]}]}},"_links":{"self":[{"href":"https:\/\/oscarssonsbil.se\/de\/wp-json\/wp\/v2\/pages\/293477","targetHints":{"allow":["GET"]}}],"collection":[{"href":"https:\/\/oscarssonsbil.se\/de\/wp-json\/wp\/v2\/pages"}],"about":[{"href":"https:\/\/oscarssonsbil.se\/de\/wp-json\/wp\/v2\/types\/page"}],"author":[{"embeddable":true,"href":"https:\/\/oscarssonsbil.se\/de\/wp-json\/wp\/v2\/users\/1"}],"replies":[{"embeddable":true,"href":"https:\/\/oscarssonsbil.se\/de\/wp-json\/wp\/v2\/comments?post=293477"}],"version-history":[{"count":10,"href":"https:\/\/oscarssonsbil.se\/de\/wp-json\/wp\/v2\/pages\/293477\/revisions"}],"predecessor-version":[{"id":293510,"href":"https:\/\/oscarssonsbil.se\/de\/wp-json\/wp\/v2\/pages\/293477\/revisions\/293510"}],"wp:featuredmedia":[{"embeddable":true,"href":"https:\/\/oscarssonsbil.se\/de\/wp-json\/wp\/v2\/media\/292189"}],"wp:attachment":[{"href":"https:\/\/oscarssonsbil.se\/de\/wp-json\/wp\/v2\/media?parent=293477"}],"curies":[{"name":"wp","href":"https:\/\/api.w.org\/{rel}","templated":true}]}}